{"id":1011,"date":"2026-02-18T19:44:09","date_gmt":"2026-02-18T17:44:09","guid":{"rendered":"https:\/\/sosece.laurea.fi\/privaatsuspoliitika\/"},"modified":"2026-02-19T10:36:30","modified_gmt":"2026-02-19T08:36:30","slug":"privaatsuspoliitika","status":"publish","type":"page","link":"https:\/\/sosece.laurea.fi\/et\/privaatsuspoliitika\/","title":{"rendered":"Privaatsuspoliitika"},"content":{"rendered":"\t\t<div data-elementor-type=\"wp-page\" data-elementor-id=\"1011\" class=\"elementor elementor-1011 elementor-997\">\n\t\t\t\t<div class=\"elementor-element elementor-element-42b62c82 e-flex e-con-boxed e-con e-parent\" data-id=\"42b62c82\" data-element_type=\"container\" data-e-type=\"container\">\n\t\t\t\t\t<div class=\"e-con-inner\">\n\t\t<div class=\"elementor-element elementor-element-2e139796 e-con-full e-flex e-con e-child\" data-id=\"2e139796\" data-element_type=\"container\" data-e-type=\"container\">\n\t\t\t\t<div class=\"elementor-element elementor-element-58d515db elementor-widget elementor-widget-heading\" data-id=\"58d515db\" data-element_type=\"widget\" data-e-type=\"widget\" data-widget_type=\"heading.default\">\n\t\t\t\t<div class=\"elementor-widget-container\">\n\t\t\t\t\t<h1 class=\"elementor-heading-title elementor-size-default\">Privaatsuspoliitika<\/h1>\t\t\t\t<\/div>\n\t\t\t\t<\/div>\n\t\t\t\t<\/div>\n\t\t\t\t\t<\/div>\n\t\t\t\t<\/div>\n\t\t<div class=\"elementor-element elementor-element-74ec4f3 e-flex e-con-boxed e-con e-parent\" data-id=\"74ec4f3\" data-element_type=\"container\" data-e-type=\"container\">\n\t\t\t\t\t<div class=\"e-con-inner\">\n\t\t\t\t<div class=\"elementor-element elementor-element-a615df3 elementor-widget elementor-widget-spacer\" data-id=\"a615df3\" data-element_type=\"widget\" data-e-type=\"widget\" data-widget_type=\"spacer.default\">\n\t\t\t\t<div class=\"elementor-widget-container\">\n\t\t\t\t\t\t\t<div class=\"elementor-spacer\">\n\t\t\t<div class=\"elementor-spacer-inner\"><\/div>\n\t\t<\/div>\n\t\t\t\t\t\t<\/div>\n\t\t\t\t<\/div>\n\t\t\t\t\t<\/div>\n\t\t\t\t<\/div>\n\t\t<div class=\"elementor-element elementor-element-474d57b e-flex e-con-boxed e-con e-parent\" data-id=\"474d57b\" data-element_type=\"container\" data-e-type=\"container\">\n\t\t\t\t\t<div class=\"e-con-inner\">\n\t\t\t\t<div class=\"elementor-element elementor-element-2d77f4c elementor-widget elementor-widget-text-editor\" data-id=\"2d77f4c\" data-element_type=\"widget\" data-e-type=\"widget\" data-widget_type=\"text-editor.default\">\n\t\t\t\t<div class=\"elementor-widget-container\">\n\t\t\t\t\t\t\t\t\t<p style=\"text-align: left;\"><b><span data-contrast=\"auto\">Veebisaidi aadress:<\/span><\/b><span data-contrast=\"auto\"> <\/span><a href=\"https:\/\/sosece.laurea.fi\/et\/\"><span data-contrast=\"none\">https:\/\/sosece.laurea.fi<\/span><\/a> <br><b><span data-contrast=\"auto\">Vastutav t\u00f6\u00f6tleja:<\/span><\/b><span data-contrast=\"auto\"> Laurea rakendusk\u00f5rgkool <\/span>(Registrikood:<span data-contrast=\"auto\"> 1046216-1)<\/span><br><b><span data-contrast=\"auto\">Aadress:<\/span><\/b><span data-contrast=\"auto\"> Ratatie 22, 01300 Vantaa, Soome<\/span><br><b><span data-contrast=\"auto\">Kontaktisik:<\/span><\/b><span data-contrast=\"auto\"> projektijuht Virpi Lund,<\/span><span data-contrast=\"auto\"> <\/span><a href=\"mailto:virpi.lund@laurea.fi\"><span data-contrast=\"none\">virpi.lund@laurea.fi<\/span><\/a><\/p><h2 style=\"text-align: left;\">Isikuandmete t\u00f6\u00f6tlemine veebisaidil<\/h2><p style=\"text-align: left;\">See veebisait ei kogu k\u00fclastajate isikuandmeid.<br>Me ei k\u00fcsi, salvesta ega t\u00f6\u00f6tle isikutuvastust v\u00f5imaldavat teavet, nagu nimed, e-posti aadressid, \u00fcksikkasutajatega seotud IP-aadressid v\u00f5i muud identifikaatorid.<\/p><h2 style=\"text-align: left;\">K\u00fcpsised<\/h2><p style=\"text-align: left;\">See veebisait kasutab k\u00fcpsiseid anal\u00fc\u00fctika ja j\u00f5udluse j\u00e4lgimise eesm\u00e4rgil.<\/p><h3 style=\"text-align: left;\">Anal\u00fc\u00fctika- ja j\u00f5udlusk\u00fcpsised<\/h3><p style=\"text-align: left;\">Kasutame veebisaidi kasutusstatistika kogumiseks Jetpacki pistikprogrammi (pakkuja Automattic Inc.). K\u00fclastusstatistika kogumine on n\u00f5utud projekti kaasrahastaja Euroopa Liidu poolt, kes kohustab esitama aruandeid saidi kasutusarvude kohta. <\/p><p style=\"text-align: left;\">Jetpack v\u00f5ib teie seadmesse paigutada k\u00fcpsiseid, et:  <\/p><ul><li style=\"text-align: left;\">loendada lehevaatamisi<\/li><li style=\"text-align: left;\">koguda koondandmeid k\u00fclastajate arvu kohta<\/li><li style=\"text-align: left;\">anal\u00fc\u00fcsida, milliseid lehti vaadatakse k\u00f5ige sagedamini<\/li><li style=\"text-align: left;\">hinnata k\u00fclastajate geograafilist asukohta riigi tasandil  <\/li><\/ul><p style=\"text-align: left;\">Kogutud andmeid kasutatakse \u00fcksnes statistiliseks aruandluseks, j\u00f5udluse j\u00e4lgimiseks ja veebisaidi kasutusmugavuse parandamiseks.<br>Me ei kasuta neid andmeid turunduseesm\u00e4rkidel ega p\u00fc\u00fca tuvastada \u00fcksikk\u00fclastajaid.<br>Jetpack v\u00f5ib anal\u00fc\u00fctika eesm\u00e4rgil t\u00f6\u00f6delda teatud tehnilisi andmeid (n\u00e4iteks IP-aadresse). Andmeid v\u00f5idakse edastada v\u00e4ljapoole Euroopa Liitu koosk\u00f5las kohaldatavate andmekaitsemeetmetega.<br>Anal\u00fc\u00fctikak\u00fcpsistega saate n\u00f5ustuda v\u00f5i neist loobuda sellel veebisaidil oleva k\u00fcpsiste teavituse kaudu. <\/p><h2 style=\"text-align: left;\">Teiste veebisaitide lisatud sisu<\/h2><p style=\"text-align: left;\">Selle saidi artiklid v\u00f5ivad sisaldada lisatud sisu (nt videod, pildid, artiklid jne). Teiste veebisaitide lisatud sisu k\u00e4itub t\u00e4pselt samamoodi, nagu oleks k\u00fclastaja k\u00fclastanud teist veebisaiti.<br>Need veebisaidid v\u00f5ivad koguda teie kohta andmeid, kasutada k\u00fcpsiseid, lisada t\u00e4iendavat kolmanda osapoole j\u00e4lgimist ja j\u00e4lgida teie suhtlust selle lisatud sisuga, sealhulgas j\u00e4lgida teie suhtlust lisatud sisuga, kui teil on konto ja olete sellele veebisaidile sisse logitud. <\/p><h2 style=\"text-align: left;\">Andmete jagamine<\/h2><p style=\"text-align: left;\">Kogume anon\u00fcmiseeritud k\u00fclastusstatistikat, et j\u00e4lgida projekti m\u00f5ju. Isikuandmeid ega anal\u00fc\u00fctilist teavet ei jagata v\u00e4liste osapooltega turunduse, profiilianal\u00fc\u00fcsi ega \u00e4rilistel eesm\u00e4rkidel.   <\/p><h2 style=\"text-align: left;\">Privaatsuspoliitika uuendused<\/h2><p style=\"text-align: left;\">Seda privaatsuspoliitikat v\u00f5idakse uuendada, kui projekti n\u00f5uded v\u00f5i juriidilised kohustused muutuvad. Uusim versioon on alati saadaval sellel veebisaidil.   <\/p><p style=\"text-align: left;\">Seda privaatsuspoliitikat on viimati uuendatud 18. veebruaril 2026.<\/p>\t\t\t\t\t\t\t\t<\/div>\n\t\t\t\t<\/div>\n\t\t\t\t\t<\/div>\n\t\t\t\t<\/div>\n\t\t<div class=\"elementor-element elementor-element-34e5a75 e-flex e-con-boxed e-con e-parent\" data-id=\"34e5a75\" data-element_type=\"container\" data-e-type=\"container\">\n\t\t\t\t\t<div class=\"e-con-inner\">\n\t\t\t\t<div class=\"elementor-element elementor-element-5c39a92 elementor-widget elementor-widget-spacer\" data-id=\"5c39a92\" data-element_type=\"widget\" data-e-type=\"widget\" data-widget_type=\"spacer.default\">\n\t\t\t\t<div class=\"elementor-widget-container\">\n\t\t\t\t\t\t\t<div class=\"elementor-spacer\">\n\t\t\t<div class=\"elementor-spacer-inner\"><\/div>\n\t\t<\/div>\n\t\t\t\t\t\t<\/div>\n\t\t\t\t<\/div>\n\t\t\t\t\t<\/div>\n\t\t\t\t<\/div>\n\t\t<div class=\"elementor-element elementor-element-411bd3f9 e-flex e-con-boxed e-con e-parent\" data-id=\"411bd3f9\" data-element_type=\"container\" data-e-type=\"container\">\n\t\t\t\t\t<div class=\"e-con-inner\">\n\t\t\t\t<div class=\"elementor-element elementor-element-6bf26529 elementor-widget elementor-widget-text-editor\" data-id=\"6bf26529\" data-element_type=\"widget\" data-e-type=\"widget\" data-widget_type=\"text-editor.default\">\n\t\t\t\t<div class=\"elementor-widget-container\">\n\t\t\t\t\t\t\t\t\t<p><em><span class=\"TextRun SCXW25369419 BCX8\" lang=\"EN-US\" xml:lang=\"EN-US\" data-contrast=\"auto\"><span class=\"NormalTextRun SCXW25369419 BCX8\">EL-i ERASMUS+ <\/span><span class=\"NormalTextRun SCXW25369419 BCX8\">projekt<\/span> <span class=\"NormalTextRun SCXW25369419 BCX8\">\u201eSotsiaalselt j\u00e4tkusuutlik alusharidus tulevikus \u2013 <\/span><span class=\"NormalTextRun SpellingErrorV2Themed SCXW25369419 BCX8\">SoSECE<\/span><span class=\"NormalTextRun SCXW25369419 BCX8\">\u201c<br><\/span><span class=\"NormalTextRun SCXW25369419 BCX8\">nr<\/span><span class=\"NormalTextRun SCXW25369419 BCX8\">. <\/span> <\/span> <span class=\"TextRun SCXW25369419 BCX8\" lang=\"EN-US\" xml:lang=\"EN-US\" data-contrast=\"auto\"><span class=\"NormalTextRun SCXW25369419 BCX8\">2024-1-FI01-KA220-SCH-000254061<\/span><\/span><\/em><\/p>\t\t\t\t\t\t\t\t<\/div>\n\t\t\t\t<\/div>\n\t\t\t\t\t<\/div>\n\t\t\t\t<\/div>\n\t\t<div class=\"elementor-element elementor-element-5c4a327 e-flex e-con-boxed e-con e-parent\" data-id=\"5c4a327\" data-element_type=\"container\" data-e-type=\"container\">\n\t\t\t\t\t<div class=\"e-con-inner\">\n\t\t\t\t<div class=\"elementor-element elementor-element-ed469b9 elementor-widget elementor-widget-spacer\" data-id=\"ed469b9\" data-element_type=\"widget\" data-e-type=\"widget\" data-widget_type=\"spacer.default\">\n\t\t\t\t<div class=\"elementor-widget-container\">\n\t\t\t\t\t\t\t<div class=\"elementor-spacer\">\n\t\t\t<div class=\"elementor-spacer-inner\"><\/div>\n\t\t<\/div>\n\t\t\t\t\t\t<\/div>\n\t\t\t\t<\/div>\n\t\t\t\t\t<\/div>\n\t\t\t\t<\/div>\n\t\t\t\t<\/div>\n\t\t","protected":false},"excerpt":{"rendered":"<p>Privaatsuspoliitika Veebisaidi aadress: https:\/\/sosece.laurea.fi Vastutav t\u00f6\u00f6tleja: Laurea rakendusk\u00f5rgkool (Registrikood: 1046216-1)Aadress: Ratatie 22, 01300 Vantaa, SoomeKontaktisik: projektijuht Virpi Lund, virpi.lund@laurea.fi Isikuandmete [&hellip;]<\/p>\n","protected":false},"author":1026,"featured_media":0,"parent":0,"menu_order":0,"comment_status":"closed","ping_status":"closed","template":"","meta":{"site-sidebar-layout":"no-sidebar","site-content-layout":"plain-container","ast-site-content-layout":"default","site-content-style":"default","site-sidebar-style":"default","ast-global-header-display":"","ast-banner-title-visibility":"","ast-main-header-display":"","ast-hfb-above-header-display":"","ast-hfb-below-header-display":"","ast-hfb-mobile-header-display":"","site-post-title":"disabled","ast-breadcrumbs-content":"","ast-featured-img":"","footer-sml-layout":"","ast-disable-related-posts":"","theme-transparent-header-meta":"enabled","adv-header-id-meta":"","stick-header-meta":"","header-above-stick-meta":"","header-main-stick-meta":"","header-below-stick-meta":"","astra-migrate-meta-layouts":"default","ast-page-background-enabled":"default","ast-page-background-meta":{"desktop":{"background-color":"var(--ast-global-color-5)","background-image":"","background-repeat":"repeat","background-position":"center center","background-size":"auto","background-attachment":"scroll","background-type":"","background-media":"","overlay-type":"","overlay-color":"","overlay-opacity":"","overlay-gradient":""},"tablet":{"background-color":"","background-image":"","background-repeat":"repeat","background-position":"center center","background-size":"auto","background-attachment":"scroll","background-type":"","background-media":"","overlay-type":"","overlay-color":"","overlay-opacity":"","overlay-gradient":""},"mobile":{"background-color":"","background-image":"","background-repeat":"repeat","background-position":"center center","background-size":"auto","background-attachment":"scroll","background-type":"","background-media":"","overlay-type":"","overlay-color":"","overlay-opacity":"","overlay-gradient":""}},"ast-content-background-meta":{"desktop":{"background-color":"var(--ast-global-color-4)","background-image":"","background-repeat":"repeat","background-position":"center center","background-size":"auto","background-attachment":"scroll","background-type":"","background-media":"","overlay-type":"","overlay-color":"","overlay-opacity":"","overlay-gradient":""},"tablet":{"background-color":"var(--ast-global-color-4)","background-image":"","background-repeat":"repeat","background-position":"center center","background-size":"auto","background-attachment":"scroll","background-type":"","background-media":"","overlay-type":"","overlay-color":"","overlay-opacity":"","overlay-gradient":""},"mobile":{"background-color":"var(--ast-global-color-4)","background-image":"","background-repeat":"repeat","background-position":"center center","background-size":"auto","background-attachment":"scroll","background-type":"","background-media":"","overlay-type":"","overlay-color":"","overlay-opacity":"","overlay-gradient":""}},"footnotes":""},"class_list":["post-1011","page","type-page","status-publish","hentry"],"aioseo_notices":[],"jetpack_sharing_enabled":true,"_links":{"self":[{"href":"https:\/\/sosece.laurea.fi\/et\/wp-json\/wp\/v2\/pages\/1011","targetHints":{"allow":["GET"]}}],"collection":[{"href":"https:\/\/sosece.laurea.fi\/et\/wp-json\/wp\/v2\/pages"}],"about":[{"href":"https:\/\/sosece.laurea.fi\/et\/wp-json\/wp\/v2\/types\/page"}],"author":[{"embeddable":true,"href":"https:\/\/sosece.laurea.fi\/et\/wp-json\/wp\/v2\/users\/1026"}],"replies":[{"embeddable":true,"href":"https:\/\/sosece.laurea.fi\/et\/wp-json\/wp\/v2\/comments?post=1011"}],"version-history":[{"count":3,"href":"https:\/\/sosece.laurea.fi\/et\/wp-json\/wp\/v2\/pages\/1011\/revisions"}],"predecessor-version":[{"id":1150,"href":"https:\/\/sosece.laurea.fi\/et\/wp-json\/wp\/v2\/pages\/1011\/revisions\/1150"}],"wp:attachment":[{"href":"https:\/\/sosece.laurea.fi\/et\/wp-json\/wp\/v2\/media?parent=1011"}],"curies":[{"name":"wp","href":"https:\/\/api.w.org\/{rel}","templated":true}]}}