{"id":955,"date":"2026-02-18T17:44:01","date_gmt":"2026-02-18T15:44:01","guid":{"rendered":"https:\/\/sosece.laurea.fi\/ligipaasetavuse-teatis\/"},"modified":"2026-02-19T10:36:31","modified_gmt":"2026-02-19T08:36:31","slug":"ligipaasetavuse-teatis","status":"publish","type":"page","link":"https:\/\/sosece.laurea.fi\/et\/ligipaasetavuse-teatis\/","title":{"rendered":"Ligip\u00e4\u00e4setavuse teatis"},"content":{"rendered":"\t\t<div data-elementor-type=\"wp-page\" data-elementor-id=\"955\" class=\"elementor elementor-955 elementor-942\">\n\t\t\t\t<div class=\"elementor-element elementor-element-42b62c82 e-flex e-con-boxed e-con e-parent\" data-id=\"42b62c82\" data-element_type=\"container\" data-e-type=\"container\">\n\t\t\t\t\t<div class=\"e-con-inner\">\n\t\t<div class=\"elementor-element elementor-element-2e139796 e-con-full e-flex e-con e-child\" data-id=\"2e139796\" data-element_type=\"container\" data-e-type=\"container\">\n\t\t\t\t<div class=\"elementor-element elementor-element-58d515db elementor-widget elementor-widget-heading\" data-id=\"58d515db\" data-element_type=\"widget\" data-e-type=\"widget\" data-widget_type=\"heading.default\">\n\t\t\t\t<div class=\"elementor-widget-container\">\n\t\t\t\t\t<h1 class=\"elementor-heading-title elementor-size-default\">Ligip\u00e4\u00e4setavuse teatis<\/h1>\t\t\t\t<\/div>\n\t\t\t\t<\/div>\n\t\t\t\t<\/div>\n\t\t\t\t\t<\/div>\n\t\t\t\t<\/div>\n\t\t<div class=\"elementor-element elementor-element-74ec4f3 e-flex e-con-boxed e-con e-parent\" data-id=\"74ec4f3\" data-element_type=\"container\" data-e-type=\"container\">\n\t\t\t\t\t<div class=\"e-con-inner\">\n\t\t\t\t<div class=\"elementor-element elementor-element-a615df3 elementor-widget elementor-widget-spacer\" data-id=\"a615df3\" data-element_type=\"widget\" data-e-type=\"widget\" data-widget_type=\"spacer.default\">\n\t\t\t\t<div class=\"elementor-widget-container\">\n\t\t\t\t\t\t\t<div class=\"elementor-spacer\">\n\t\t\t<div class=\"elementor-spacer-inner\"><\/div>\n\t\t<\/div>\n\t\t\t\t\t\t<\/div>\n\t\t\t\t<\/div>\n\t\t\t\t\t<\/div>\n\t\t\t\t<\/div>\n\t\t<div class=\"elementor-element elementor-element-474d57b e-flex e-con-boxed e-con e-parent\" data-id=\"474d57b\" data-element_type=\"container\" data-e-type=\"container\">\n\t\t\t\t\t<div class=\"e-con-inner\">\n\t\t\t\t<div class=\"elementor-element elementor-element-2d77f4c elementor-widget elementor-widget-text-editor\" data-id=\"2d77f4c\" data-element_type=\"widget\" data-e-type=\"widget\" data-widget_type=\"text-editor.default\">\n\t\t\t\t<div class=\"elementor-widget-container\">\n\t\t\t\t\t\t\t\t\t<p style=\"text-align: left;\">K\u00e4esolev ligip\u00e4\u00e4setavuse teatis kehtib sotsiaalselt j\u00e4tkusuutliku alushariduse tulevikuprojekti (Socially Sustainable Early Childhood Education Future Project) veebisaidi kohta (https:\/\/sosece.laurea.fi\/).<br>Seda veebisaiti haldab Laurea rakendusk\u00f5rgkool (Soome), mis vastutab teenuse ligip\u00e4\u00e4setavuse eest vastavalt Soome digitaalsete teenuste osutamise seadusele. Oleme p\u00fchendunud sellele, et meie digiteenused oleksid k\u00e4ttesaadavad v\u00f5imalikult paljudele kasutajatele. Meie eesm\u00e4rk on pidevalt parandada kasutajakogemust ja j\u00e4rgida kehtivaid ligip\u00e4\u00e4setavuse standardeid.  <\/p><h2 style=\"text-align: left;\">Ligip\u00e4\u00e4setavuse staatus<\/h2><p style=\"text-align: left;\">Automaatse testimise (WAVE) ja meie endi hinnangu p\u00f5hjal vastab veebisait suures osas n\u00f5utavatele ligip\u00e4\u00e4setavuse standarditele (WCAG 2.1 A- ja AA-tasemed). Automaatse testimise k\u00e4igus ei tuvastatud \u00fchtegi kriitilist ligip\u00e4\u00e4setavuse viga. M\u00f5ningaid v\u00e4iksemaid probleeme v\u00f5ib siiski esineda, eriti valdkondades, mis n\u00f5uavad k\u00e4sitsi kontrollimist v\u00f5i abitehnoloogia kasutamist.<br>J\u00e4tkame ligip\u00e4\u00e4setavuse j\u00e4lgimist ja teenuse t\u00e4iustamist vastavalt vajadusele, et tagada sujuv ja kaasav kogemus k\u00f5igile kasutajatele.  <\/p><h2 style=\"text-align: left;\">Tagasiside ja kontaktandmed<\/h2><p style=\"text-align: left;\">Ootame tagasisidet selle veebisaidi ligip\u00e4\u00e4setavuse kohta.<br>Kui teil tekib teenuse kasutamisel ligip\u00e4\u00e4setavusega seotud takistusi v\u00f5i probleeme, v\u00f5tke meiega \u00fchendust:<br>E-post: johanna.kurki@laurea.fi<\/p><p style=\"text-align: left;\">P\u00fc\u00fcame vastata kogu ligip\u00e4\u00e4setavusega seotud tagasisidele 3\u20135 t\u00f6\u00f6p\u00e4eva jooksul.<\/p><h2 style=\"text-align: left;\">J\u00e4relevalveasutus<\/h2><p style=\"text-align: left;\">Kui m\u00e4rkate sellel veebisaidil ligip\u00e4\u00e4setavuse probleeme, v\u00f5tke esmalt \u00fchendust meiega.<br>Saate vastuse 14 p\u00e4eva jooksul. Kui te ei ole vastusega rahul v\u00f5i ei saa seda, v\u00f5ite esitada teatise j\u00e4relevalveasutusele. <\/p><h3 style=\"text-align: left;\">J\u00e4relevalveasutuse kontaktandmed<\/h3><p style=\"text-align: left;\">Soome transpordi- ja sideamet Traficom<br>Digitaalne ligip\u00e4\u00e4setavus ja digitaalse ligip\u00e4\u00e4setavuse j\u00e4relevalve<br>Veebisait: www.saavutettavuusvaatimukset.fi<br>E-post: saavutettavuus@traficom.fi<br>Telefon (keskjaam): +358 29 534 5000<\/p><p style=\"text-align: left;\">Seda juurdep\u00e4\u00e4setavuse teatist on viimati uuendatud 18. veebruaril 2026.<\/p>\t\t\t\t\t\t\t\t<\/div>\n\t\t\t\t<\/div>\n\t\t\t\t\t<\/div>\n\t\t\t\t<\/div>\n\t\t<div class=\"elementor-element elementor-element-34e5a75 e-flex e-con-boxed e-con e-parent\" data-id=\"34e5a75\" data-element_type=\"container\" data-e-type=\"container\">\n\t\t\t\t\t<div class=\"e-con-inner\">\n\t\t\t\t<div class=\"elementor-element elementor-element-5c39a92 elementor-widget elementor-widget-spacer\" data-id=\"5c39a92\" data-element_type=\"widget\" data-e-type=\"widget\" data-widget_type=\"spacer.default\">\n\t\t\t\t<div class=\"elementor-widget-container\">\n\t\t\t\t\t\t\t<div class=\"elementor-spacer\">\n\t\t\t<div class=\"elementor-spacer-inner\"><\/div>\n\t\t<\/div>\n\t\t\t\t\t\t<\/div>\n\t\t\t\t<\/div>\n\t\t\t\t\t<\/div>\n\t\t\t\t<\/div>\n\t\t<div class=\"elementor-element elementor-element-5c4a327 e-flex e-con-boxed e-con e-parent\" data-id=\"5c4a327\" data-element_type=\"container\" data-e-type=\"container\">\n\t\t\t\t\t<div class=\"e-con-inner\">\n\t\t\t\t<div class=\"elementor-element elementor-element-ed469b9 elementor-widget elementor-widget-spacer\" data-id=\"ed469b9\" data-element_type=\"widget\" data-e-type=\"widget\" data-widget_type=\"spacer.default\">\n\t\t\t\t<div class=\"elementor-widget-container\">\n\t\t\t\t\t\t\t<div class=\"elementor-spacer\">\n\t\t\t<div class=\"elementor-spacer-inner\"><\/div>\n\t\t<\/div>\n\t\t\t\t\t\t<\/div>\n\t\t\t\t<\/div>\n\t\t\t\t\t<\/div>\n\t\t\t\t<\/div>\n\t\t<div class=\"elementor-element elementor-element-16c37aa7 e-flex e-con-boxed e-con e-parent\" data-id=\"16c37aa7\" data-element_type=\"container\" data-e-type=\"container\">\n\t\t\t\t\t<div class=\"e-con-inner\">\n\t\t\t\t<div class=\"elementor-element elementor-element-154c0497 elementor-widget elementor-widget-text-editor\" data-id=\"154c0497\" data-element_type=\"widget\" data-e-type=\"widget\" data-widget_type=\"text-editor.default\">\n\t\t\t\t<div class=\"elementor-widget-container\">\n\t\t\t\t\t\t\t\t\t<p><em><span class=\"TextRun SCXW25369419 BCX8\" lang=\"EN-US\" xml:lang=\"EN-US\" data-contrast=\"auto\"><span class=\"NormalTextRun SCXW25369419 BCX8\">EL-i ERASMUS+ <\/span><span class=\"NormalTextRun SCXW25369419 BCX8\">projekt<\/span> <span class=\"NormalTextRun SCXW25369419 BCX8\">\u201eSotsiaalselt j\u00e4tkusuutlik alusharidus tulevikus \u2013 <\/span><span class=\"NormalTextRun SpellingErrorV2Themed SCXW25369419 BCX8\">SoSECE<\/span><span class=\"NormalTextRun SCXW25369419 BCX8\">\u201c<br><\/span><span class=\"NormalTextRun SCXW25369419 BCX8\">nr<\/span><span class=\"NormalTextRun SCXW25369419 BCX8\">. <\/span> <\/span> <span class=\"TextRun SCXW25369419 BCX8\" lang=\"EN-US\" xml:lang=\"EN-US\" data-contrast=\"auto\"><span class=\"NormalTextRun SCXW25369419 BCX8\">2024-1-FI01-KA220-SCH-000254061<\/span><\/span><\/em><\/p>\t\t\t\t\t\t\t\t<\/div>\n\t\t\t\t<\/div>\n\t\t\t\t\t<\/div>\n\t\t\t\t<\/div>\n\t\t\t\t<\/div>\n\t\t","protected":false},"excerpt":{"rendered":"<p>Ligip\u00e4\u00e4setavuse teatis K\u00e4esolev ligip\u00e4\u00e4setavuse teatis kehtib sotsiaalselt j\u00e4tkusuutliku alushariduse tulevikuprojekti (Socially Sustainable Early Childhood Education Future Project) veebisaidi kohta (https:\/\/sosece.laurea.fi\/).Seda [&hellip;]<\/p>\n","protected":false},"author":1026,"featured_media":0,"parent":0,"menu_order":0,"comment_status":"closed","ping_status":"closed","template":"","meta":{"site-sidebar-layout":"no-sidebar","site-content-layout":"plain-container","ast-site-content-layout":"default","site-content-style":"default","site-sidebar-style":"default","ast-global-header-display":"","ast-banner-title-visibility":"","ast-main-header-display":"","ast-hfb-above-header-display":"","ast-hfb-below-header-display":"","ast-hfb-mobile-header-display":"","site-post-title":"disabled","ast-breadcrumbs-content":"","ast-featured-img":"","footer-sml-layout":"","ast-disable-related-posts":"","theme-transparent-header-meta":"enabled","adv-header-id-meta":"","stick-header-meta":"","header-above-stick-meta":"","header-main-stick-meta":"","header-below-stick-meta":"","astra-migrate-meta-layouts":"default","ast-page-background-enabled":"default","ast-page-background-meta":{"desktop":{"background-color":"var(--ast-global-color-5)","background-image":"","background-repeat":"repeat","background-position":"center center","background-size":"auto","background-attachment":"scroll","background-type":"","background-media":"","overlay-type":"","overlay-color":"","overlay-opacity":"","overlay-gradient":""},"tablet":{"background-color":"","background-image":"","background-repeat":"repeat","background-position":"center center","background-size":"auto","background-attachment":"scroll","background-type":"","background-media":"","overlay-type":"","overlay-color":"","overlay-opacity":"","overlay-gradient":""},"mobile":{"background-color":"","background-image":"","background-repeat":"repeat","background-position":"center center","background-size":"auto","background-attachment":"scroll","background-type":"","background-media":"","overlay-type":"","overlay-color":"","overlay-opacity":"","overlay-gradient":""}},"ast-content-background-meta":{"desktop":{"background-color":"var(--ast-global-color-4)","background-image":"","background-repeat":"repeat","background-position":"center center","background-size":"auto","background-attachment":"scroll","background-type":"","background-media":"","overlay-type":"","overlay-color":"","overlay-opacity":"","overlay-gradient":""},"tablet":{"background-color":"var(--ast-global-color-4)","background-image":"","background-repeat":"repeat","background-position":"center center","background-size":"auto","background-attachment":"scroll","background-type":"","background-media":"","overlay-type":"","overlay-color":"","overlay-opacity":"","overlay-gradient":""},"mobile":{"background-color":"var(--ast-global-color-4)","background-image":"","background-repeat":"repeat","background-position":"center center","background-size":"auto","background-attachment":"scroll","background-type":"","background-media":"","overlay-type":"","overlay-color":"","overlay-opacity":"","overlay-gradient":""}},"footnotes":""},"class_list":["post-955","page","type-page","status-publish","hentry"],"aioseo_notices":[],"jetpack_sharing_enabled":true,"_links":{"self":[{"href":"https:\/\/sosece.laurea.fi\/et\/wp-json\/wp\/v2\/pages\/955","targetHints":{"allow":["GET"]}}],"collection":[{"href":"https:\/\/sosece.laurea.fi\/et\/wp-json\/wp\/v2\/pages"}],"about":[{"href":"https:\/\/sosece.laurea.fi\/et\/wp-json\/wp\/v2\/types\/page"}],"author":[{"embeddable":true,"href":"https:\/\/sosece.laurea.fi\/et\/wp-json\/wp\/v2\/users\/1026"}],"replies":[{"embeddable":true,"href":"https:\/\/sosece.laurea.fi\/et\/wp-json\/wp\/v2\/comments?post=955"}],"version-history":[{"count":4,"href":"https:\/\/sosece.laurea.fi\/et\/wp-json\/wp\/v2\/pages\/955\/revisions"}],"predecessor-version":[{"id":1142,"href":"https:\/\/sosece.laurea.fi\/et\/wp-json\/wp\/v2\/pages\/955\/revisions\/1142"}],"wp:attachment":[{"href":"https:\/\/sosece.laurea.fi\/et\/wp-json\/wp\/v2\/media?parent=955"}],"curies":[{"name":"wp","href":"https:\/\/api.w.org\/{rel}","templated":true}]}}