{"id":1005,"date":"2026-02-18T19:44:09","date_gmt":"2026-02-18T17:44:09","guid":{"rendered":"https:\/\/sosece.laurea.fi\/tietosuojaseloste\/"},"modified":"2026-02-19T10:36:29","modified_gmt":"2026-02-19T08:36:29","slug":"tietosuojaseloste","status":"publish","type":"page","link":"https:\/\/sosece.laurea.fi\/fi\/tietosuojaseloste\/","title":{"rendered":"Tietosuojaseloste"},"content":{"rendered":"\t\t<div data-elementor-type=\"wp-page\" data-elementor-id=\"1005\" class=\"elementor elementor-1005 elementor-997\">\n\t\t\t\t<div class=\"elementor-element elementor-element-42b62c82 e-flex e-con-boxed e-con e-parent\" data-id=\"42b62c82\" data-element_type=\"container\" data-e-type=\"container\">\n\t\t\t\t\t<div class=\"e-con-inner\">\n\t\t<div class=\"elementor-element elementor-element-2e139796 e-con-full e-flex e-con e-child\" data-id=\"2e139796\" data-element_type=\"container\" data-e-type=\"container\">\n\t\t\t\t<div class=\"elementor-element elementor-element-58d515db elementor-widget elementor-widget-heading\" data-id=\"58d515db\" data-element_type=\"widget\" data-e-type=\"widget\" data-widget_type=\"heading.default\">\n\t\t\t\t<div class=\"elementor-widget-container\">\n\t\t\t\t\t<h1 class=\"elementor-heading-title elementor-size-default\">Tietosuojaseloste<\/h1>\t\t\t\t<\/div>\n\t\t\t\t<\/div>\n\t\t\t\t<\/div>\n\t\t\t\t\t<\/div>\n\t\t\t\t<\/div>\n\t\t<div class=\"elementor-element elementor-element-74ec4f3 e-flex e-con-boxed e-con e-parent\" data-id=\"74ec4f3\" data-element_type=\"container\" data-e-type=\"container\">\n\t\t\t\t\t<div class=\"e-con-inner\">\n\t\t\t\t<div class=\"elementor-element elementor-element-a615df3 elementor-widget elementor-widget-spacer\" data-id=\"a615df3\" data-element_type=\"widget\" data-e-type=\"widget\" data-widget_type=\"spacer.default\">\n\t\t\t\t<div class=\"elementor-widget-container\">\n\t\t\t\t\t\t\t<div class=\"elementor-spacer\">\n\t\t\t<div class=\"elementor-spacer-inner\"><\/div>\n\t\t<\/div>\n\t\t\t\t\t\t<\/div>\n\t\t\t\t<\/div>\n\t\t\t\t\t<\/div>\n\t\t\t\t<\/div>\n\t\t<div class=\"elementor-element elementor-element-474d57b e-flex e-con-boxed e-con e-parent\" data-id=\"474d57b\" data-element_type=\"container\" data-e-type=\"container\">\n\t\t\t\t\t<div class=\"e-con-inner\">\n\t\t\t\t<div class=\"elementor-element elementor-element-2d77f4c elementor-widget elementor-widget-text-editor\" data-id=\"2d77f4c\" data-element_type=\"widget\" data-e-type=\"widget\" data-widget_type=\"text-editor.default\">\n\t\t\t\t<div class=\"elementor-widget-container\">\n\t\t\t\t\t\t\t\t\t<p style=\"text-align: left;\"><b><span data-contrast=\"auto\">Verkkosivuston osoite:<\/span><\/b><span data-contrast=\"auto\"> <\/span><a href=\"https:\/\/sosece.laurea.fi\/fi\/\"><span data-contrast=\"none\">https:\/\/sosece.laurea.fi<\/span><\/a> <br><b><span data-contrast=\"auto\">Rekisterinpit\u00e4j\u00e4:<\/span><\/b><span data-contrast=\"auto\"> Laurea-ammattikorkeakoulu <\/span>(Y-tunnus:<span data-contrast=\"auto\"> 1046216-1)<\/span><br><b><span data-contrast=\"auto\">Osoite:<\/span><\/b><span data-contrast=\"auto\"> Ratatie 22, 01300 Vantaa<\/span><br><b><span data-contrast=\"auto\">Yhteyshenkil\u00f6:<\/span><\/b><span data-contrast=\"auto\"> Projektip\u00e4\u00e4llikk\u00f6 Virpi Lund,<\/span><span data-contrast=\"auto\"> <\/span><a href=\"mailto:virpi.lund@laurea.fi\"><span data-contrast=\"none\">virpi.lund@laurea.fi<\/span><\/a><\/p><h2 style=\"text-align: left;\">Henkil\u00f6tietojen k\u00e4sittely verkkosivustolla<\/h2><p style=\"text-align: left;\">T\u00e4m\u00e4 verkkosivusto ei ker\u00e4\u00e4 k\u00e4vij\u00f6iden henkil\u00f6tietoja.<br>Emme pyyd\u00e4, tallenna tai k\u00e4sittele mit\u00e4\u00e4n henkil\u00f6kohtaisesti tunnistettavia tietoja, kuten nimi\u00e4, s\u00e4hk\u00f6postiosoitteita, yksitt\u00e4isiin k\u00e4ytt\u00e4jiin liitettyj\u00e4 IP-osoitteita tai muita tunnistetietoja.<\/p><h2 style=\"text-align: left;\">Ev\u00e4steet<\/h2><p style=\"text-align: left;\">T\u00e4m\u00e4 verkkosivusto k\u00e4ytt\u00e4\u00e4 ev\u00e4steit\u00e4 analytiikka- ja suorituskyvyn seurantatarkoituksiin.<\/p><h3 style=\"text-align: left;\">Analytiikka- ja suorituskykyev\u00e4steet<\/h3><p style=\"text-align: left;\">K\u00e4yt\u00e4mme Jetpack-lis\u00e4osaa (tarjoaa Automattic Inc.) ker\u00e4t\u00e4ksemme tilastotietoja verkkosivuston k\u00e4yt\u00f6st\u00e4. K\u00e4vij\u00e4tilastojen ker\u00e4\u00e4minen on hankkeen rahoittajan, Euroopan unionin, vaatimus, joka edellytt\u00e4\u00e4 raportointia sivuston k\u00e4ytt\u00f6luvuista. <\/p><p style=\"text-align: left;\">Jetpack voi asettaa ev\u00e4steit\u00e4 laitteellesi seuraaviin tarkoituksiin: <\/p><ul><li style=\"text-align: left;\">sivulatausten laskeminen<\/li><li style=\"text-align: left;\">kokonaisk\u00e4vij\u00e4m\u00e4\u00e4rien ker\u00e4\u00e4minen<\/li><li style=\"text-align: left;\">eniten katsottujen sivujen analysointi<\/li><li style=\"text-align: left;\">k\u00e4vij\u00f6iden maantieteellisen sijainnin arviointi maan tasolla <\/li><\/ul><p style=\"text-align: left;\">Ker\u00e4ttyj\u00e4 tietoja k\u00e4ytet\u00e4\u00e4n ainoastaan tilastolliseen raportointiin, suorituskyvyn seurantaan ja verkkosivuston k\u00e4ytett\u00e4vyyden parantamiseen.<br>Emme k\u00e4yt\u00e4 n\u00e4it\u00e4 tietoja markkinointitarkoituksiin, emmek\u00e4 yrit\u00e4 tunnistaa yksitt\u00e4isi\u00e4 k\u00e4vij\u00f6it\u00e4.<br>Joitakin teknisi\u00e4 tietoja (kuten IP-osoitteita) voidaan k\u00e4sitell\u00e4 Jetpackin toimesta analytiikkatarkoituksiin. Tietoja voidaan siirt\u00e4\u00e4 Euroopan unionin ulkopuolelle sovellettavien tietosuojatoimien mukaisesti.<br>Voit hyv\u00e4ksy\u00e4 tai hyl\u00e4t\u00e4 analytiikkaev\u00e4steet t\u00e4ll\u00e4 verkkosivustolla saatavilla olevan ev\u00e4stebannerien kautta. <\/p><h2 style=\"text-align: left;\">Upotettu sis\u00e4lt\u00f6 muilta verkkosivustoilta<\/h2><p style=\"text-align: left;\">T\u00e4m\u00e4n sivuston artikkelit voivat sis\u00e4lt\u00e4\u00e4 upotettua sis\u00e4lt\u00f6\u00e4 (esim. videoita, kuvia, artikkeleita jne.). Upotettu sis\u00e4lt\u00f6 muilta verkkosivustoilta toimii t\u00e4sm\u00e4lleen samalla tavalla kuin jos k\u00e4vij\u00e4 olisi vieraillut kyseisell\u00e4 toisella verkkosivustolla.<br>N\u00e4m\u00e4 verkkosivustot voivat ker\u00e4t\u00e4 tietoja sinusta, k\u00e4ytt\u00e4\u00e4 ev\u00e4steit\u00e4, upottaa kolmannen osapuolen lis\u00e4seurantaa ja seurata vuorovaikutustasi kyseisen upotetun sis\u00e4ll\u00f6n kanssa, mukaan lukien vuorovaikutuksesi seuraaminen upotetun sis\u00e4ll\u00f6n kanssa, jos sinulla on tili ja olet kirjautuneena kyseiselle verkkosivustolle. <\/p><h2 style=\"text-align: left;\">Tietojen jakaminen<\/h2><p style=\"text-align: left;\">Ker\u00e4\u00e4mme anonymisoituja k\u00e4vij\u00e4tilastoja hankkeen vaikutusten seuraamiseksi. Henkil\u00f6tietoja tai analytiikkatietoja ei jaeta ulkopuolisille tahoille markkinointi-, profilointi- tai kaupallisiin tarkoituksiin.  <\/p><h2 style=\"text-align: left;\">Tietosuojaselosteen p\u00e4ivitykset<\/h2><p style=\"text-align: left;\">T\u00e4t\u00e4 tietosuojaselostetta voidaan p\u00e4ivitt\u00e4\u00e4, jos hankkeen vaatimukset tai lakis\u00e4\u00e4teiset velvoitteet muuttuvat. Uusin versio on aina saatavilla t\u00e4ll\u00e4 verkkosivustolla.  <\/p><p style=\"text-align: left;\">T\u00e4m\u00e4 tietosuojaseloste on p\u00e4ivitetty viimeksi 18. helmikuuta 2026.<\/p>\t\t\t\t\t\t\t\t<\/div>\n\t\t\t\t<\/div>\n\t\t\t\t\t<\/div>\n\t\t\t\t<\/div>\n\t\t<div class=\"elementor-element elementor-element-34e5a75 e-flex e-con-boxed e-con e-parent\" data-id=\"34e5a75\" data-element_type=\"container\" data-e-type=\"container\">\n\t\t\t\t\t<div class=\"e-con-inner\">\n\t\t\t\t<div class=\"elementor-element elementor-element-5c39a92 elementor-widget elementor-widget-spacer\" data-id=\"5c39a92\" data-element_type=\"widget\" data-e-type=\"widget\" data-widget_type=\"spacer.default\">\n\t\t\t\t<div class=\"elementor-widget-container\">\n\t\t\t\t\t\t\t<div class=\"elementor-spacer\">\n\t\t\t<div class=\"elementor-spacer-inner\"><\/div>\n\t\t<\/div>\n\t\t\t\t\t\t<\/div>\n\t\t\t\t<\/div>\n\t\t\t\t\t<\/div>\n\t\t\t\t<\/div>\n\t\t<div class=\"elementor-element elementor-element-411bd3f9 e-flex e-con-boxed e-con e-parent\" data-id=\"411bd3f9\" data-element_type=\"container\" data-e-type=\"container\">\n\t\t\t\t\t<div class=\"e-con-inner\">\n\t\t\t\t<div class=\"elementor-element elementor-element-6bf26529 elementor-widget elementor-widget-text-editor\" data-id=\"6bf26529\" data-element_type=\"widget\" data-e-type=\"widget\" data-widget_type=\"text-editor.default\">\n\t\t\t\t<div class=\"elementor-widget-container\">\n\t\t\t\t\t\t\t\t\t<p><em><span class=\"TextRun SCXW25369419 BCX8\" lang=\"EN-US\" xml:lang=\"EN-US\" data-contrast=\"auto\"><span class=\"NormalTextRun SCXW25369419 BCX8\">EU ERASMUS <\/span><span class=\"NormalTextRun SCXW25369419 BCX8\">+ -hanke<\/span> <span class=\"NormalTextRun SCXW25369419 BCX8\">&#8221;Sosiaalisesti kest\u00e4v\u00e4 varhaiskasvatus \u2013 <\/span><span class=\"NormalTextRun SpellingErrorV2Themed SCXW25369419 BCX8\">SoSECE<\/span><span class=\"NormalTextRun SCXW25369419 BCX8\">&#8221;<br><\/span><span class=\"NormalTextRun SCXW25369419 BCX8\">nro<\/span><span class=\"NormalTextRun SCXW25369419 BCX8\">. <\/span> <\/span> <span class=\"TextRun SCXW25369419 BCX8\" lang=\"EN-US\" xml:lang=\"EN-US\" data-contrast=\"auto\"><span class=\"NormalTextRun SCXW25369419 BCX8\">2024-1-FI01-KA220-SCH-000254061<\/span><\/span><\/em><\/p>\t\t\t\t\t\t\t\t<\/div>\n\t\t\t\t<\/div>\n\t\t\t\t\t<\/div>\n\t\t\t\t<\/div>\n\t\t<div class=\"elementor-element elementor-element-5c4a327 e-flex e-con-boxed e-con e-parent\" data-id=\"5c4a327\" data-element_type=\"container\" data-e-type=\"container\">\n\t\t\t\t\t<div class=\"e-con-inner\">\n\t\t\t\t<div class=\"elementor-element elementor-element-ed469b9 elementor-widget elementor-widget-spacer\" data-id=\"ed469b9\" data-element_type=\"widget\" data-e-type=\"widget\" data-widget_type=\"spacer.default\">\n\t\t\t\t<div class=\"elementor-widget-container\">\n\t\t\t\t\t\t\t<div class=\"elementor-spacer\">\n\t\t\t<div class=\"elementor-spacer-inner\"><\/div>\n\t\t<\/div>\n\t\t\t\t\t\t<\/div>\n\t\t\t\t<\/div>\n\t\t\t\t\t<\/div>\n\t\t\t\t<\/div>\n\t\t\t\t<\/div>\n\t\t","protected":false},"excerpt":{"rendered":"<p>Tietosuojaseloste Verkkosivuston osoite: https:\/\/sosece.laurea.fi Rekisterinpit\u00e4j\u00e4: Laurea-ammattikorkeakoulu (Y-tunnus: 1046216-1)Osoite: Ratatie 22, 01300 VantaaYhteyshenkil\u00f6: Projektip\u00e4\u00e4llikk\u00f6 Virpi Lund, virpi.lund@laurea.fi Henkil\u00f6tietojen k\u00e4sittely verkkosivustolla T\u00e4m\u00e4 [&hellip;]<\/p>\n","protected":false},"author":1026,"featured_media":0,"parent":0,"menu_order":0,"comment_status":"closed","ping_status":"closed","template":"","meta":{"site-sidebar-layout":"no-sidebar","site-content-layout":"plain-container","ast-site-content-layout":"default","site-content-style":"default","site-sidebar-style":"default","ast-global-header-display":"","ast-banner-title-visibility":"","ast-main-header-display":"","ast-hfb-above-header-display":"","ast-hfb-below-header-display":"","ast-hfb-mobile-header-display":"","site-post-title":"disabled","ast-breadcrumbs-content":"","ast-featured-img":"","footer-sml-layout":"","ast-disable-related-posts":"","theme-transparent-header-meta":"enabled","adv-header-id-meta":"","stick-header-meta":"","header-above-stick-meta":"","header-main-stick-meta":"","header-below-stick-meta":"","astra-migrate-meta-layouts":"default","ast-page-background-enabled":"default","ast-page-background-meta":{"desktop":{"background-color":"var(--ast-global-color-5)","background-image":"","background-repeat":"repeat","background-position":"center center","background-size":"auto","background-attachment":"scroll","background-type":"","background-media":"","overlay-type":"","overlay-color":"","overlay-opacity":"","overlay-gradient":""},"tablet":{"background-color":"","background-image":"","background-repeat":"repeat","background-position":"center center","background-size":"auto","background-attachment":"scroll","background-type":"","background-media":"","overlay-type":"","overlay-color":"","overlay-opacity":"","overlay-gradient":""},"mobile":{"background-color":"","background-image":"","background-repeat":"repeat","background-position":"center center","background-size":"auto","background-attachment":"scroll","background-type":"","background-media":"","overlay-type":"","overlay-color":"","overlay-opacity":"","overlay-gradient":""}},"ast-content-background-meta":{"desktop":{"background-color":"var(--ast-global-color-4)","background-image":"","background-repeat":"repeat","background-position":"center center","background-size":"auto","background-attachment":"scroll","background-type":"","background-media":"","overlay-type":"","overlay-color":"","overlay-opacity":"","overlay-gradient":""},"tablet":{"background-color":"var(--ast-global-color-4)","background-image":"","background-repeat":"repeat","background-position":"center center","background-size":"auto","background-attachment":"scroll","background-type":"","background-media":"","overlay-type":"","overlay-color":"","overlay-opacity":"","overlay-gradient":""},"mobile":{"background-color":"var(--ast-global-color-4)","background-image":"","background-repeat":"repeat","background-position":"center center","background-size":"auto","background-attachment":"scroll","background-type":"","background-media":"","overlay-type":"","overlay-color":"","overlay-opacity":"","overlay-gradient":""}},"footnotes":""},"class_list":["post-1005","page","type-page","status-publish","hentry"],"aioseo_notices":[],"jetpack_sharing_enabled":true,"_links":{"self":[{"href":"https:\/\/sosece.laurea.fi\/fi\/wp-json\/wp\/v2\/pages\/1005","targetHints":{"allow":["GET"]}}],"collection":[{"href":"https:\/\/sosece.laurea.fi\/fi\/wp-json\/wp\/v2\/pages"}],"about":[{"href":"https:\/\/sosece.laurea.fi\/fi\/wp-json\/wp\/v2\/types\/page"}],"author":[{"embeddable":true,"href":"https:\/\/sosece.laurea.fi\/fi\/wp-json\/wp\/v2\/users\/1026"}],"replies":[{"embeddable":true,"href":"https:\/\/sosece.laurea.fi\/fi\/wp-json\/wp\/v2\/comments?post=1005"}],"version-history":[{"count":3,"href":"https:\/\/sosece.laurea.fi\/fi\/wp-json\/wp\/v2\/pages\/1005\/revisions"}],"predecessor-version":[{"id":1148,"href":"https:\/\/sosece.laurea.fi\/fi\/wp-json\/wp\/v2\/pages\/1005\/revisions\/1148"}],"wp:attachment":[{"href":"https:\/\/sosece.laurea.fi\/fi\/wp-json\/wp\/v2\/media?parent=1005"}],"curies":[{"name":"wp","href":"https:\/\/api.w.org\/{rel}","templated":true}]}}