{"id":950,"date":"2026-02-18T17:44:01","date_gmt":"2026-02-18T15:44:01","guid":{"rendered":"https:\/\/sosece.laurea.fi\/saavutettavuusseloste\/"},"modified":"2026-02-19T10:36:31","modified_gmt":"2026-02-19T08:36:31","slug":"saavutettavuusseloste","status":"publish","type":"page","link":"https:\/\/sosece.laurea.fi\/fi\/saavutettavuusseloste\/","title":{"rendered":"Saavutettavuusseloste"},"content":{"rendered":"\t\t<div data-elementor-type=\"wp-page\" data-elementor-id=\"950\" class=\"elementor elementor-950 elementor-942\">\n\t\t\t\t<div class=\"elementor-element elementor-element-42b62c82 e-flex e-con-boxed e-con e-parent\" data-id=\"42b62c82\" data-element_type=\"container\" data-e-type=\"container\">\n\t\t\t\t\t<div class=\"e-con-inner\">\n\t\t<div class=\"elementor-element elementor-element-2e139796 e-con-full e-flex e-con e-child\" data-id=\"2e139796\" data-element_type=\"container\" data-e-type=\"container\">\n\t\t\t\t<div class=\"elementor-element elementor-element-58d515db elementor-widget elementor-widget-heading\" data-id=\"58d515db\" data-element_type=\"widget\" data-e-type=\"widget\" data-widget_type=\"heading.default\">\n\t\t\t\t<div class=\"elementor-widget-container\">\n\t\t\t\t\t<h1 class=\"elementor-heading-title elementor-size-default\">Saavutettavuusseloste<\/h1>\t\t\t\t<\/div>\n\t\t\t\t<\/div>\n\t\t\t\t<\/div>\n\t\t\t\t\t<\/div>\n\t\t\t\t<\/div>\n\t\t<div class=\"elementor-element elementor-element-74ec4f3 e-flex e-con-boxed e-con e-parent\" data-id=\"74ec4f3\" data-element_type=\"container\" data-e-type=\"container\">\n\t\t\t\t\t<div class=\"e-con-inner\">\n\t\t\t\t<div class=\"elementor-element elementor-element-a615df3 elementor-widget elementor-widget-spacer\" data-id=\"a615df3\" data-element_type=\"widget\" data-e-type=\"widget\" data-widget_type=\"spacer.default\">\n\t\t\t\t<div class=\"elementor-widget-container\">\n\t\t\t\t\t\t\t<div class=\"elementor-spacer\">\n\t\t\t<div class=\"elementor-spacer-inner\"><\/div>\n\t\t<\/div>\n\t\t\t\t\t\t<\/div>\n\t\t\t\t<\/div>\n\t\t\t\t\t<\/div>\n\t\t\t\t<\/div>\n\t\t<div class=\"elementor-element elementor-element-474d57b e-flex e-con-boxed e-con e-parent\" data-id=\"474d57b\" data-element_type=\"container\" data-e-type=\"container\">\n\t\t\t\t\t<div class=\"e-con-inner\">\n\t\t\t\t<div class=\"elementor-element elementor-element-2d77f4c elementor-widget elementor-widget-text-editor\" data-id=\"2d77f4c\" data-element_type=\"widget\" data-e-type=\"widget\" data-widget_type=\"text-editor.default\">\n\t\t\t\t<div class=\"elementor-widget-container\">\n\t\t\t\t\t\t\t\t\t<p style=\"text-align: left;\">T\u00e4m\u00e4 saavutettavuusseloste koskee Sosiaalisesti kest\u00e4v\u00e4n varhaiskasvatuksen tulevaisuus -hankkeen verkkosivustoa (https:\/\/sosece.laurea.fi\/).<br>Verkkosivustoa yll\u00e4pit\u00e4\u00e4 Laurea-ammattikorkeakoulu (Suomi), joka vastaa palvelun saavutettavuudesta lain digitaalisten palvelujen tarjoamisesta mukaisesti. Olemme sitoutuneet varmistamaan, ett\u00e4 digitaaliset palvelumme ovat mahdollisimman monen k\u00e4ytt\u00e4j\u00e4n saavutettavissa. Tavoitteenamme on jatkuvasti parantaa k\u00e4ytt\u00e4j\u00e4kokemusta ja noudattaa sovellettavia saavutettavuusstandardeja.  <\/p><h2 style=\"text-align: left;\">Saavutettavuuden tila<\/h2><p style=\"text-align: left;\">Automaattiseen testaukseen (WAVE) ja omaan arviointiimme perustuen verkkosivusto t\u00e4ytt\u00e4\u00e4 suurelta osin vaaditut saavutettavuusstandardit (WCAG 2.1 tasot A ja AA). Automaattisessa testauksessa ei havaittu kriittisi\u00e4 saavutettavuusvirheit\u00e4. Joitakin v\u00e4h\u00e4isi\u00e4 ongelmia saattaa esiinty\u00e4 erityisesti alueilla, jotka vaativat manuaalista tai apuv\u00e4lineteknologian avulla tapahtuvaa tarkistusta.<br>Seuraamme jatkuvasti saavutettavuutta ja kehit\u00e4mme palvelua tarpeen mukaan varmistaaksemme sujuvan ja osallistavan k\u00e4ytt\u00f6kokemuksen kaikille k\u00e4ytt\u00e4jille.  <\/p><h2 style=\"text-align: left;\">Palaute ja yhteystiedot<\/h2><p style=\"text-align: left;\">Otamme mielell\u00e4mme vastaan palautetta t\u00e4m\u00e4n verkkosivuston saavutettavuudesta.<br>Jos kohtaatte saavutettavuusesteit\u00e4 tai -haasteita palvelua k\u00e4ytt\u00e4ess\u00e4nne, ottakaa yhteytt\u00e4:<br>S\u00e4hk\u00f6posti: johanna.kurki@laurea.fi<\/p><p style=\"text-align: left;\">Pyrimme vastaamaan kaikkeen saavutettavuuteen liittyv\u00e4\u00e4n palautteeseen 3\u20135 arkip\u00e4iv\u00e4n kuluessa.<\/p><h2 style=\"text-align: left;\">Valvontaviranomainen<\/h2><p style=\"text-align: left;\">Jos huomaatte saavutettavuusongelmia t\u00e4ll\u00e4 verkkosivustolla, ottakaa ensin yhteytt\u00e4 meihin.<br>Saatte vastauksen 14 p\u00e4iv\u00e4n kuluessa. Jos ette ole tyytyv\u00e4inen vastaukseen tai ette saa vastausta, voitte tehd\u00e4 ilmoituksen valvontaviranomaiselle. <\/p><h3 style=\"text-align: left;\">Valvontaviranomaisen yhteystiedot<\/h3><p style=\"text-align: left;\">Liikenne- ja viestint\u00e4virasto Traficom<br>Digitaalisen esteett\u00f6myyden ja saavutettavuuden valvontayksikk\u00f6<br>Verkkosivusto: www.saavutettavuusvaatimukset.fi<br>S\u00e4hk\u00f6posti: saavutettavuus@traficom.fi<br>Puhelin (vaihde): +358 29 534 5000<\/p><p style=\"text-align: left;\">T\u00e4m\u00e4 saavutettavuusseloste on p\u00e4ivitetty viimeksi 18. helmikuuta 2026.<\/p>\t\t\t\t\t\t\t\t<\/div>\n\t\t\t\t<\/div>\n\t\t\t\t\t<\/div>\n\t\t\t\t<\/div>\n\t\t<div class=\"elementor-element elementor-element-34e5a75 e-flex e-con-boxed e-con e-parent\" data-id=\"34e5a75\" data-element_type=\"container\" data-e-type=\"container\">\n\t\t\t\t\t<div class=\"e-con-inner\">\n\t\t\t\t<div class=\"elementor-element elementor-element-5c39a92 elementor-widget elementor-widget-spacer\" data-id=\"5c39a92\" data-element_type=\"widget\" data-e-type=\"widget\" data-widget_type=\"spacer.default\">\n\t\t\t\t<div class=\"elementor-widget-container\">\n\t\t\t\t\t\t\t<div class=\"elementor-spacer\">\n\t\t\t<div class=\"elementor-spacer-inner\"><\/div>\n\t\t<\/div>\n\t\t\t\t\t\t<\/div>\n\t\t\t\t<\/div>\n\t\t\t\t\t<\/div>\n\t\t\t\t<\/div>\n\t\t<div class=\"elementor-element elementor-element-5c4a327 e-flex e-con-boxed e-con e-parent\" data-id=\"5c4a327\" data-element_type=\"container\" data-e-type=\"container\">\n\t\t\t\t\t<div class=\"e-con-inner\">\n\t\t\t\t<div class=\"elementor-element elementor-element-ed469b9 elementor-widget elementor-widget-spacer\" data-id=\"ed469b9\" data-element_type=\"widget\" data-e-type=\"widget\" data-widget_type=\"spacer.default\">\n\t\t\t\t<div class=\"elementor-widget-container\">\n\t\t\t\t\t\t\t<div class=\"elementor-spacer\">\n\t\t\t<div class=\"elementor-spacer-inner\"><\/div>\n\t\t<\/div>\n\t\t\t\t\t\t<\/div>\n\t\t\t\t<\/div>\n\t\t\t\t\t<\/div>\n\t\t\t\t<\/div>\n\t\t<div class=\"elementor-element elementor-element-16c37aa7 e-flex e-con-boxed e-con e-parent\" data-id=\"16c37aa7\" data-element_type=\"container\" data-e-type=\"container\">\n\t\t\t\t\t<div class=\"e-con-inner\">\n\t\t\t\t<div class=\"elementor-element elementor-element-154c0497 elementor-widget elementor-widget-text-editor\" data-id=\"154c0497\" data-element_type=\"widget\" data-e-type=\"widget\" data-widget_type=\"text-editor.default\">\n\t\t\t\t<div class=\"elementor-widget-container\">\n\t\t\t\t\t\t\t\t\t<p><em><span class=\"TextRun SCXW25369419 BCX8\" lang=\"EN-US\" xml:lang=\"EN-US\" data-contrast=\"auto\"><span class=\"NormalTextRun SCXW25369419 BCX8\">EU ERASMUS <\/span><span class=\"NormalTextRun SCXW25369419 BCX8\">+ -hanke<\/span> <span class=\"NormalTextRun SCXW25369419 BCX8\">&#8221;Sosiaalisesti kest\u00e4v\u00e4 varhaiskasvatus \u2013 <\/span><span class=\"NormalTextRun SpellingErrorV2Themed SCXW25369419 BCX8\">SoSECE<\/span><span class=\"NormalTextRun SCXW25369419 BCX8\">&#8221;<br><\/span><span class=\"NormalTextRun SCXW25369419 BCX8\">nro<\/span><span class=\"NormalTextRun SCXW25369419 BCX8\">. <\/span> <\/span> <span class=\"TextRun SCXW25369419 BCX8\" lang=\"EN-US\" xml:lang=\"EN-US\" data-contrast=\"auto\"><span class=\"NormalTextRun SCXW25369419 BCX8\">2024-1-FI01-KA220-SCH-000254061<\/span><\/span><\/em><\/p>\t\t\t\t\t\t\t\t<\/div>\n\t\t\t\t<\/div>\n\t\t\t\t\t<\/div>\n\t\t\t\t<\/div>\n\t\t\t\t<\/div>\n\t\t","protected":false},"excerpt":{"rendered":"<p>Saavutettavuusseloste T\u00e4m\u00e4 saavutettavuusseloste koskee Sosiaalisesti kest\u00e4v\u00e4n varhaiskasvatuksen tulevaisuus -hankkeen verkkosivustoa (https:\/\/sosece.laurea.fi\/).Verkkosivustoa yll\u00e4pit\u00e4\u00e4 Laurea-ammattikorkeakoulu (Suomi), joka vastaa palvelun saavutettavuudesta lain digitaalisten [&hellip;]<\/p>\n","protected":false},"author":1026,"featured_media":0,"parent":0,"menu_order":0,"comment_status":"closed","ping_status":"closed","template":"","meta":{"site-sidebar-layout":"no-sidebar","site-content-layout":"plain-container","ast-site-content-layout":"default","site-content-style":"default","site-sidebar-style":"default","ast-global-header-display":"","ast-banner-title-visibility":"","ast-main-header-display":"","ast-hfb-above-header-display":"","ast-hfb-below-header-display":"","ast-hfb-mobile-header-display":"","site-post-title":"disabled","ast-breadcrumbs-content":"","ast-featured-img":"","footer-sml-layout":"","ast-disable-related-posts":"","theme-transparent-header-meta":"enabled","adv-header-id-meta":"","stick-header-meta":"","header-above-stick-meta":"","header-main-stick-meta":"","header-below-stick-meta":"","astra-migrate-meta-layouts":"default","ast-page-background-enabled":"default","ast-page-background-meta":{"desktop":{"background-color":"var(--ast-global-color-5)","background-image":"","background-repeat":"repeat","background-position":"center center","background-size":"auto","background-attachment":"scroll","background-type":"","background-media":"","overlay-type":"","overlay-color":"","overlay-opacity":"","overlay-gradient":""},"tablet":{"background-color":"","background-image":"","background-repeat":"repeat","background-position":"center center","background-size":"auto","background-attachment":"scroll","background-type":"","background-media":"","overlay-type":"","overlay-color":"","overlay-opacity":"","overlay-gradient":""},"mobile":{"background-color":"","background-image":"","background-repeat":"repeat","background-position":"center center","background-size":"auto","background-attachment":"scroll","background-type":"","background-media":"","overlay-type":"","overlay-color":"","overlay-opacity":"","overlay-gradient":""}},"ast-content-background-meta":{"desktop":{"background-color":"var(--ast-global-color-4)","background-image":"","background-repeat":"repeat","background-position":"center center","background-size":"auto","background-attachment":"scroll","background-type":"","background-media":"","overlay-type":"","overlay-color":"","overlay-opacity":"","overlay-gradient":""},"tablet":{"background-color":"var(--ast-global-color-4)","background-image":"","background-repeat":"repeat","background-position":"center center","background-size":"auto","background-attachment":"scroll","background-type":"","background-media":"","overlay-type":"","overlay-color":"","overlay-opacity":"","overlay-gradient":""},"mobile":{"background-color":"var(--ast-global-color-4)","background-image":"","background-repeat":"repeat","background-position":"center center","background-size":"auto","background-attachment":"scroll","background-type":"","background-media":"","overlay-type":"","overlay-color":"","overlay-opacity":"","overlay-gradient":""}},"footnotes":""},"class_list":["post-950","page","type-page","status-publish","hentry"],"aioseo_notices":[],"jetpack_sharing_enabled":true,"_links":{"self":[{"href":"https:\/\/sosece.laurea.fi\/fi\/wp-json\/wp\/v2\/pages\/950","targetHints":{"allow":["GET"]}}],"collection":[{"href":"https:\/\/sosece.laurea.fi\/fi\/wp-json\/wp\/v2\/pages"}],"about":[{"href":"https:\/\/sosece.laurea.fi\/fi\/wp-json\/wp\/v2\/types\/page"}],"author":[{"embeddable":true,"href":"https:\/\/sosece.laurea.fi\/fi\/wp-json\/wp\/v2\/users\/1026"}],"replies":[{"embeddable":true,"href":"https:\/\/sosece.laurea.fi\/fi\/wp-json\/wp\/v2\/comments?post=950"}],"version-history":[{"count":5,"href":"https:\/\/sosece.laurea.fi\/fi\/wp-json\/wp\/v2\/pages\/950\/revisions"}],"predecessor-version":[{"id":1141,"href":"https:\/\/sosece.laurea.fi\/fi\/wp-json\/wp\/v2\/pages\/950\/revisions\/1141"}],"wp:attachment":[{"href":"https:\/\/sosece.laurea.fi\/fi\/wp-json\/wp\/v2\/media?parent=950"}],"curies":[{"name":"wp","href":"https:\/\/api.w.org\/{rel}","templated":true}]}}