{"id":1014,"date":"2026-02-18T19:44:09","date_gmt":"2026-02-18T17:44:09","guid":{"rendered":"https:\/\/sosece.laurea.fi\/privatumo-politika\/"},"modified":"2026-02-19T10:36:29","modified_gmt":"2026-02-19T08:36:29","slug":"privatumo-politika","status":"publish","type":"page","link":"https:\/\/sosece.laurea.fi\/lt\/privatumo-politika\/","title":{"rendered":"Privatumo politika"},"content":{"rendered":"\t\t<div data-elementor-type=\"wp-page\" data-elementor-id=\"1014\" class=\"elementor elementor-1014 elementor-997\">\n\t\t\t\t<div class=\"elementor-element elementor-element-42b62c82 e-flex e-con-boxed e-con e-parent\" data-id=\"42b62c82\" data-element_type=\"container\" data-e-type=\"container\">\n\t\t\t\t\t<div class=\"e-con-inner\">\n\t\t<div class=\"elementor-element elementor-element-2e139796 e-con-full e-flex e-con e-child\" data-id=\"2e139796\" data-element_type=\"container\" data-e-type=\"container\">\n\t\t\t\t<div class=\"elementor-element elementor-element-58d515db elementor-widget elementor-widget-heading\" data-id=\"58d515db\" data-element_type=\"widget\" data-e-type=\"widget\" data-widget_type=\"heading.default\">\n\t\t\t\t<div class=\"elementor-widget-container\">\n\t\t\t\t\t<h1 class=\"elementor-heading-title elementor-size-default\">Privatumo politika<\/h1>\t\t\t\t<\/div>\n\t\t\t\t<\/div>\n\t\t\t\t<\/div>\n\t\t\t\t\t<\/div>\n\t\t\t\t<\/div>\n\t\t<div class=\"elementor-element elementor-element-74ec4f3 e-flex e-con-boxed e-con e-parent\" data-id=\"74ec4f3\" data-element_type=\"container\" data-e-type=\"container\">\n\t\t\t\t\t<div class=\"e-con-inner\">\n\t\t\t\t<div class=\"elementor-element elementor-element-a615df3 elementor-widget elementor-widget-spacer\" data-id=\"a615df3\" data-element_type=\"widget\" data-e-type=\"widget\" data-widget_type=\"spacer.default\">\n\t\t\t\t<div class=\"elementor-widget-container\">\n\t\t\t\t\t\t\t<div class=\"elementor-spacer\">\n\t\t\t<div class=\"elementor-spacer-inner\"><\/div>\n\t\t<\/div>\n\t\t\t\t\t\t<\/div>\n\t\t\t\t<\/div>\n\t\t\t\t\t<\/div>\n\t\t\t\t<\/div>\n\t\t<div class=\"elementor-element elementor-element-474d57b e-flex e-con-boxed e-con e-parent\" data-id=\"474d57b\" data-element_type=\"container\" data-e-type=\"container\">\n\t\t\t\t\t<div class=\"e-con-inner\">\n\t\t\t\t<div class=\"elementor-element elementor-element-2d77f4c elementor-widget elementor-widget-text-editor\" data-id=\"2d77f4c\" data-element_type=\"widget\" data-e-type=\"widget\" data-widget_type=\"text-editor.default\">\n\t\t\t\t<div class=\"elementor-widget-container\">\n\t\t\t\t\t\t\t\t\t<p style=\"text-align: left;\"><b><span data-contrast=\"auto\">Svetain\u0117s adresas:<\/span><\/b><span data-contrast=\"auto\"> <\/span><a href=\"https:\/\/sosece.laurea.fi\/lt\/\"><span data-contrast=\"none\">https:\/\/sosece.laurea.fi<\/span><\/a> <br><b><span data-contrast=\"auto\">Valdytojas:<\/span><\/b><span data-contrast=\"auto\"> Laurea taikom\u0173j\u0173 moksl\u0173 universitetas <\/span>(\u012fmon\u0117s kodas:<span data-contrast=\"auto\"> 1046216-1)<\/span><br><b><span data-contrast=\"auto\">Adresas:<\/span><\/b><span data-contrast=\"auto\"> Ratatie 22, 01300 Vantaa, Suomija<\/span><br><b><span data-contrast=\"auto\">Kontaktinis asmuo:<\/span><\/b><span data-contrast=\"auto\"> Projekto vadov\u0117 Virpi Lund,<\/span><span data-contrast=\"auto\"> <\/span><a href=\"mailto:virpi.lund@laurea.fi\"><span data-contrast=\"none\">virpi.lund@laurea.fi<\/span><\/a><\/p><h2 style=\"text-align: left;\">Asmens duomen\u0173 tvarkymas svetain\u0117je<\/h2><p style=\"text-align: left;\">\u0160i svetain\u0117 nerenka lankytoj\u0173 asmens duomen\u0173.<br>Mes nepra\u0161ome, nesaugome ir netvarkome jokios asmen\u012f identifikuojan\u010dios informacijos, tokios kaip vardai, el. pa\u0161to adresai, su atskirais naudotojais susieti IP adresai ar kiti identifikatoriai.<\/p><h2 style=\"text-align: left;\">Slapukai<\/h2><p style=\"text-align: left;\">\u0160i svetain\u0117 naudoja slapukus analitikos ir veiklos steb\u0117senos tikslais.<\/p><h3 style=\"text-align: left;\">Analitikos ir veiklos slapukai<\/h3><p style=\"text-align: left;\">Naudojame Jetpack papildin\u012f (kur\u012f teikia Automattic Inc.), kad rinktume statistik\u0105 apie svetain\u0117s naudojim\u0105. Lankytoj\u0173 statistikos rinkimas yra b\u016btinas pagal projekto bendrojo finansuotojo \u2013 Europos S\u0105jungos \u2013 reikalavimus, kurie \u012fpareigoja teikti ataskaitas apie svetain\u0117s naudojimo skai\u010dius. <\/p><p style=\"text-align: left;\">Jetpack gali \u012fdiegti slapukus j\u016bs\u0173 \u012frenginyje, kad gal\u0117t\u0173: <\/p><ul><li style=\"text-align: left;\">skai\u010diuoti puslapi\u0173 per\u017ei\u016bras<\/li><li style=\"text-align: left;\">rinkti suvestinius lankytoj\u0173 skai\u010dius<\/li><li style=\"text-align: left;\">analizuoti, kurie puslapiai per\u017ei\u016brimi da\u017eniausiai<\/li><li style=\"text-align: left;\">nustatyti lankytoj\u0173 geografin\u0119 vietov\u0119 \u0161alies lygmeniu <\/li><\/ul><p style=\"text-align: left;\">Surinkti duomenys naudojami tik statistin\u0117ms ataskaitoms, veiklos steb\u0117senai ir svetain\u0117s naudojimo patogumui gerinti.<br>\u0160i\u0173 duomen\u0173 nenaudojame rinkodaros tikslais ir nebandome identifikuoti atskir\u0173 lankytoj\u0173.<br>Kai kuriuos techninius duomenis (pvz., IP adresus) Jetpack gali tvarkyti analitikos tikslais. Duomenys gali b\u016bti perduodami u\u017e Europos S\u0105jungos rib\u0173 laikantis taikom\u0173 duomen\u0173 apsaugos garantij\u0173.<br>Galite priimti arba atmesti analitikos slapukus naudodamiesi \u0161ioje svetain\u0117je pateiktu slapuk\u0173 prane\u0161imu. <\/p><h2 style=\"text-align: left;\">\u012eterptas turinys i\u0161 kit\u0173 svetaini\u0173<\/h2><p style=\"text-align: left;\">\u0160ios svetain\u0117s straipsniuose gali b\u016bti \u012fterptas turinys (pvz., vaizdo \u012fra\u0161ai, vaizdai, straipsniai ir kt.). \u012eterptas turinys i\u0161 kit\u0173 svetaini\u0173 veikia lygiai taip pat, kaip jei lankytojas b\u016bt\u0173 aplank\u0119s t\u0105 kit\u0105 svetain\u0119.<br>\u0160ios svetain\u0117s gali rinkti duomenis apie jus, naudoti slapukus, \u012fterpti papildom\u0105 tre\u010di\u0173j\u0173 \u0161ali\u0173 steb\u0117jim\u0105 ir steb\u0117ti j\u016bs\u0173 s\u0105veik\u0105 su tuo \u012fterptu turiniu, \u012fskaitant j\u016bs\u0173 s\u0105veikos su \u012fterptu turiniu steb\u0117jim\u0105, jei turite paskyr\u0105 ir esate prisijung\u0119 prie tos svetain\u0117s. <\/p><h2 style=\"text-align: left;\">Duomen\u0173 dalijimasis<\/h2><p style=\"text-align: left;\">Renkame anonimin\u0119 lankytoj\u0173 statistik\u0105, kad gal\u0117tume steb\u0117ti projekto poveik\u012f. Jokie asmens duomenys ar analitikos informacija n\u0117ra dalijamasi su i\u0161orin\u0117mis \u0161alimis rinkodaros, profiliavimo ar komerciniais tikslais.  <\/p><h2 style=\"text-align: left;\">\u0160ios privatumo politikos atnaujinimai<\/h2><p style=\"text-align: left;\">\u0160i privatumo politika gali b\u016bti atnaujinta, jei pasikeist\u0173 projekto reikalavimai ar teisin\u0117s prievol\u0117s. Naujausia versija visada bus prieinama \u0161ioje svetain\u0117je.  <\/p><p style=\"text-align: left;\">\u0160i privatumo politika paskutin\u012f kart\u0105 atnaujinta 2026 m. vasario 18 d.<\/p>\t\t\t\t\t\t\t\t<\/div>\n\t\t\t\t<\/div>\n\t\t\t\t\t<\/div>\n\t\t\t\t<\/div>\n\t\t<div class=\"elementor-element elementor-element-34e5a75 e-flex e-con-boxed e-con e-parent\" data-id=\"34e5a75\" data-element_type=\"container\" data-e-type=\"container\">\n\t\t\t\t\t<div class=\"e-con-inner\">\n\t\t\t\t<div class=\"elementor-element elementor-element-5c39a92 elementor-widget elementor-widget-spacer\" data-id=\"5c39a92\" data-element_type=\"widget\" data-e-type=\"widget\" data-widget_type=\"spacer.default\">\n\t\t\t\t<div class=\"elementor-widget-container\">\n\t\t\t\t\t\t\t<div class=\"elementor-spacer\">\n\t\t\t<div class=\"elementor-spacer-inner\"><\/div>\n\t\t<\/div>\n\t\t\t\t\t\t<\/div>\n\t\t\t\t<\/div>\n\t\t\t\t\t<\/div>\n\t\t\t\t<\/div>\n\t\t<div class=\"elementor-element elementor-element-411bd3f9 e-flex e-con-boxed e-con e-parent\" data-id=\"411bd3f9\" data-element_type=\"container\" data-e-type=\"container\">\n\t\t\t\t\t<div class=\"e-con-inner\">\n\t\t\t\t<div class=\"elementor-element elementor-element-6bf26529 elementor-widget elementor-widget-text-editor\" data-id=\"6bf26529\" data-element_type=\"widget\" data-e-type=\"widget\" data-widget_type=\"text-editor.default\">\n\t\t\t\t<div class=\"elementor-widget-container\">\n\t\t\t\t\t\t\t\t\t<p><em><span class=\"TextRun SCXW25369419 BCX8\" lang=\"EN-US\" xml:lang=\"EN-US\" data-contrast=\"auto\"><span class=\"NormalTextRun SCXW25369419 BCX8\">ES ERASMUS <\/span><span class=\"NormalTextRun SCXW25369419 BCX8\">+ projektas<\/span> <span class=\"NormalTextRun SCXW25369419 BCX8\">\u201eSocialiai tvarios ankstyvojo ugdymo ateities \u2013 <\/span><span class=\"NormalTextRun SpellingErrorV2Themed SCXW25369419 BCX8\">SoSECE<\/span><span class=\"NormalTextRun SCXW25369419 BCX8\">\u201c<br><\/span><span class=\"NormalTextRun SCXW25369419 BCX8\">Nr<\/span><span class=\"NormalTextRun SCXW25369419 BCX8\">. <\/span> <\/span> <span class=\"TextRun SCXW25369419 BCX8\" lang=\"EN-US\" xml:lang=\"EN-US\" data-contrast=\"auto\"><span class=\"NormalTextRun SCXW25369419 BCX8\">2024-1-FI01-KA220-SCH-000254061<\/span><\/span><\/em><\/p>\t\t\t\t\t\t\t\t<\/div>\n\t\t\t\t<\/div>\n\t\t\t\t\t<\/div>\n\t\t\t\t<\/div>\n\t\t<div class=\"elementor-element elementor-element-5c4a327 e-flex e-con-boxed e-con e-parent\" data-id=\"5c4a327\" data-element_type=\"container\" data-e-type=\"container\">\n\t\t\t\t\t<div class=\"e-con-inner\">\n\t\t\t\t<div class=\"elementor-element elementor-element-ed469b9 elementor-widget elementor-widget-spacer\" data-id=\"ed469b9\" data-element_type=\"widget\" data-e-type=\"widget\" data-widget_type=\"spacer.default\">\n\t\t\t\t<div class=\"elementor-widget-container\">\n\t\t\t\t\t\t\t<div class=\"elementor-spacer\">\n\t\t\t<div class=\"elementor-spacer-inner\"><\/div>\n\t\t<\/div>\n\t\t\t\t\t\t<\/div>\n\t\t\t\t<\/div>\n\t\t\t\t\t<\/div>\n\t\t\t\t<\/div>\n\t\t\t\t<\/div>\n\t\t","protected":false},"excerpt":{"rendered":"<p>Privatumo politika Svetain\u0117s adresas: https:\/\/sosece.laurea.fi Valdytojas: Laurea taikom\u0173j\u0173 moksl\u0173 universitetas (\u012fmon\u0117s kodas: 1046216-1)Adresas: Ratatie 22, 01300 Vantaa, SuomijaKontaktinis asmuo: Projekto [&hellip;]<\/p>\n","protected":false},"author":1026,"featured_media":0,"parent":0,"menu_order":0,"comment_status":"closed","ping_status":"closed","template":"","meta":{"site-sidebar-layout":"no-sidebar","site-content-layout":"plain-container","ast-site-content-layout":"default","site-content-style":"default","site-sidebar-style":"default","ast-global-header-display":"","ast-banner-title-visibility":"","ast-main-header-display":"","ast-hfb-above-header-display":"","ast-hfb-below-header-display":"","ast-hfb-mobile-header-display":"","site-post-title":"disabled","ast-breadcrumbs-content":"","ast-featured-img":"","footer-sml-layout":"","ast-disable-related-posts":"","theme-transparent-header-meta":"enabled","adv-header-id-meta":"","stick-header-meta":"","header-above-stick-meta":"","header-main-stick-meta":"","header-below-stick-meta":"","astra-migrate-meta-layouts":"default","ast-page-background-enabled":"default","ast-page-background-meta":{"desktop":{"background-color":"var(--ast-global-color-5)","background-image":"","background-repeat":"repeat","background-position":"center center","background-size":"auto","background-attachment":"scroll","background-type":"","background-media":"","overlay-type":"","overlay-color":"","overlay-opacity":"","overlay-gradient":""},"tablet":{"background-color":"","background-image":"","background-repeat":"repeat","background-position":"center center","background-size":"auto","background-attachment":"scroll","background-type":"","background-media":"","overlay-type":"","overlay-color":"","overlay-opacity":"","overlay-gradient":""},"mobile":{"background-color":"","background-image":"","background-repeat":"repeat","background-position":"center center","background-size":"auto","background-attachment":"scroll","background-type":"","background-media":"","overlay-type":"","overlay-color":"","overlay-opacity":"","overlay-gradient":""}},"ast-content-background-meta":{"desktop":{"background-color":"var(--ast-global-color-4)","background-image":"","background-repeat":"repeat","background-position":"center center","background-size":"auto","background-attachment":"scroll","background-type":"","background-media":"","overlay-type":"","overlay-color":"","overlay-opacity":"","overlay-gradient":""},"tablet":{"background-color":"var(--ast-global-color-4)","background-image":"","background-repeat":"repeat","background-position":"center center","background-size":"auto","background-attachment":"scroll","background-type":"","background-media":"","overlay-type":"","overlay-color":"","overlay-opacity":"","overlay-gradient":""},"mobile":{"background-color":"var(--ast-global-color-4)","background-image":"","background-repeat":"repeat","background-position":"center center","background-size":"auto","background-attachment":"scroll","background-type":"","background-media":"","overlay-type":"","overlay-color":"","overlay-opacity":"","overlay-gradient":""}},"footnotes":""},"class_list":["post-1014","page","type-page","status-publish","hentry"],"aioseo_notices":[],"jetpack_sharing_enabled":true,"_links":{"self":[{"href":"https:\/\/sosece.laurea.fi\/lt\/wp-json\/wp\/v2\/pages\/1014","targetHints":{"allow":["GET"]}}],"collection":[{"href":"https:\/\/sosece.laurea.fi\/lt\/wp-json\/wp\/v2\/pages"}],"about":[{"href":"https:\/\/sosece.laurea.fi\/lt\/wp-json\/wp\/v2\/types\/page"}],"author":[{"embeddable":true,"href":"https:\/\/sosece.laurea.fi\/lt\/wp-json\/wp\/v2\/users\/1026"}],"replies":[{"embeddable":true,"href":"https:\/\/sosece.laurea.fi\/lt\/wp-json\/wp\/v2\/comments?post=1014"}],"version-history":[{"count":3,"href":"https:\/\/sosece.laurea.fi\/lt\/wp-json\/wp\/v2\/pages\/1014\/revisions"}],"predecessor-version":[{"id":1145,"href":"https:\/\/sosece.laurea.fi\/lt\/wp-json\/wp\/v2\/pages\/1014\/revisions\/1145"}],"wp:attachment":[{"href":"https:\/\/sosece.laurea.fi\/lt\/wp-json\/wp\/v2\/media?parent=1014"}],"curies":[{"name":"wp","href":"https:\/\/api.w.org\/{rel}","templated":true}]}}