{"id":960,"date":"2026-02-18T17:44:01","date_gmt":"2026-02-18T15:44:01","guid":{"rendered":"https:\/\/sosece.laurea.fi\/prieinamumo-pareiskimas\/"},"modified":"2026-02-19T10:36:22","modified_gmt":"2026-02-19T08:36:22","slug":"prieinamumo-pareiskimas","status":"publish","type":"page","link":"https:\/\/sosece.laurea.fi\/lt\/prieinamumo-pareiskimas\/","title":{"rendered":"Prieinamumo parei\u0161kimas"},"content":{"rendered":"\t\t<div data-elementor-type=\"wp-page\" data-elementor-id=\"960\" class=\"elementor elementor-960 elementor-942\">\n\t\t\t\t<div class=\"elementor-element elementor-element-42b62c82 e-flex e-con-boxed e-con e-parent\" data-id=\"42b62c82\" data-element_type=\"container\" data-e-type=\"container\">\n\t\t\t\t\t<div class=\"e-con-inner\">\n\t\t<div class=\"elementor-element elementor-element-2e139796 e-con-full e-flex e-con e-child\" data-id=\"2e139796\" data-element_type=\"container\" data-e-type=\"container\">\n\t\t\t\t<div class=\"elementor-element elementor-element-58d515db elementor-widget elementor-widget-heading\" data-id=\"58d515db\" data-element_type=\"widget\" data-e-type=\"widget\" data-widget_type=\"heading.default\">\n\t\t\t\t<div class=\"elementor-widget-container\">\n\t\t\t\t\t<h1 class=\"elementor-heading-title elementor-size-default\">Prieinamumo parei\u0161kimas<\/h1>\t\t\t\t<\/div>\n\t\t\t\t<\/div>\n\t\t\t\t<\/div>\n\t\t\t\t\t<\/div>\n\t\t\t\t<\/div>\n\t\t<div class=\"elementor-element elementor-element-74ec4f3 e-flex e-con-boxed e-con e-parent\" data-id=\"74ec4f3\" data-element_type=\"container\" data-e-type=\"container\">\n\t\t\t\t\t<div class=\"e-con-inner\">\n\t\t\t\t<div class=\"elementor-element elementor-element-a615df3 elementor-widget elementor-widget-spacer\" data-id=\"a615df3\" data-element_type=\"widget\" data-e-type=\"widget\" data-widget_type=\"spacer.default\">\n\t\t\t\t<div class=\"elementor-widget-container\">\n\t\t\t\t\t\t\t<div class=\"elementor-spacer\">\n\t\t\t<div class=\"elementor-spacer-inner\"><\/div>\n\t\t<\/div>\n\t\t\t\t\t\t<\/div>\n\t\t\t\t<\/div>\n\t\t\t\t\t<\/div>\n\t\t\t\t<\/div>\n\t\t<div class=\"elementor-element elementor-element-474d57b e-flex e-con-boxed e-con e-parent\" data-id=\"474d57b\" data-element_type=\"container\" data-e-type=\"container\">\n\t\t\t\t\t<div class=\"e-con-inner\">\n\t\t\t\t<div class=\"elementor-element elementor-element-2d77f4c elementor-widget elementor-widget-text-editor\" data-id=\"2d77f4c\" data-element_type=\"widget\" data-e-type=\"widget\" data-widget_type=\"text-editor.default\">\n\t\t\t\t<div class=\"elementor-widget-container\">\n\t\t\t\t\t\t\t\t\t<p style=\"text-align: left;\">\u0160is prieinamumo parei\u0161kimas taikomas Socialiai tvarios ankstyvojo ugdymo ateities projekto (https:\/\/sosece.laurea.fi\/) svetainei.<br>\u0160i\u0105 svetain\u0119 pri\u017ei\u016bri Laurea taikom\u0173j\u0173 moksl\u0173 universitetas (Suomija), kuris yra atsakingas u\u017e paslaugos prieinamum\u0105 pagal Suomijos skaitmenini\u0173 paslaug\u0173 teikimo \u012fstatym\u0105. Esame \u012fsipareigoj\u0119 u\u017etikrinti, kad m\u016bs\u0173 skaitmenin\u0117s paslaugos b\u016bt\u0173 prieinamos kuo daugiau vartotoj\u0173. M\u016bs\u0173 tikslas \u2013 nuolat gerinti vartotojo patirt\u012f ir atitikti taikomus prieinamumo standartus.  <\/p><h2 style=\"text-align: left;\">Prieinamumo b\u016bkl\u0117<\/h2><p style=\"text-align: left;\">Remiantis automatizuotu testavimu (WAVE) ir m\u016bs\u0173 pa\u010di\u0173 vertinimu, svetain\u0117 i\u0161 esm\u0117s atitinka reikalaujamus prieinamumo standartus (WCAG 2.1 A ir AA lygiai). Automatizuoto testavimo metu nebuvo aptikta kritini\u0173 prieinamumo klaid\u0173. Kai kurios nedidel\u0117s problemos vis dar gali b\u016bti, ypa\u010d tose srityse, kurioms reikalingas rankinis arba pagalbini\u0173 technologij\u0173 patikrinimas.<br>Mes ir toliau stebime prieinamum\u0105 ir prireikus tobuliname paslaug\u0105, siekdami u\u017etikrinti skland\u017ei\u0105 ir \u012ftrauki\u0105 patirt\u012f visiems vartotojams.  <\/p><h2 style=\"text-align: left;\">Atsiliepimai ir kontaktin\u0117 informacija<\/h2><p style=\"text-align: left;\">Laukiame atsiliepim\u0173 apie \u0161ios svetain\u0117s prieinamum\u0105.<br>Jei naudodamiesi paslauga susiduriate su prieinamumo kli\u016btimis ar i\u0161\u0161\u016bkiais, susisiekite su mumis:<br>El. pa\u0161tas: johanna.kurki@laurea.fi<\/p><p style=\"text-align: left;\">\u012e visus su prieinamumu susijusius atsiliepimus siekiame atsakyti per 3\u20135 darbo dienas.<\/p><h2 style=\"text-align: left;\">Prie\u017ei\u016bros institucija<\/h2><p style=\"text-align: left;\">Jei pastebite prieinamumo problem\u0173 \u0161ioje svetain\u0117je, pirmiausia susisiekite su mumis.<br>Atsakym\u0105 gausite per 14 dien\u0173. Jei atsakymas j\u016bs\u0173 netenkina arba jo negaunate, galite pateikti prane\u0161im\u0105 prie\u017ei\u016bros institucijai. <\/p><h3 style=\"text-align: left;\">Prie\u017ei\u016bros institucijos kontaktiniai duomenys<\/h3><p style=\"text-align: left;\">Suomijos transporto ir ry\u0161i\u0173 agent\u016bra \u201eTraficom\u201c<br>Skaitmeninis prieinamumas ir skaitmeninio prieinamumo prie\u017ei\u016bra<br>Svetain\u0117: www.saavutettavuusvaatimukset.fi<br>El. pa\u0161tas: saavutettavuus@traficom.fi<br>Telefonas (centrin\u0117): +358 29 534 5000<\/p><p style=\"text-align: left;\">\u0160is prieinamumo parei\u0161kimas paskutin\u012f kart\u0105 atnaujintas 2026 m. vasario 18 d.<\/p>\t\t\t\t\t\t\t\t<\/div>\n\t\t\t\t<\/div>\n\t\t\t\t\t<\/div>\n\t\t\t\t<\/div>\n\t\t<div class=\"elementor-element elementor-element-34e5a75 e-flex e-con-boxed e-con e-parent\" data-id=\"34e5a75\" data-element_type=\"container\" data-e-type=\"container\">\n\t\t\t\t\t<div class=\"e-con-inner\">\n\t\t\t\t<div class=\"elementor-element elementor-element-5c39a92 elementor-widget elementor-widget-spacer\" data-id=\"5c39a92\" data-element_type=\"widget\" data-e-type=\"widget\" data-widget_type=\"spacer.default\">\n\t\t\t\t<div class=\"elementor-widget-container\">\n\t\t\t\t\t\t\t<div class=\"elementor-spacer\">\n\t\t\t<div class=\"elementor-spacer-inner\"><\/div>\n\t\t<\/div>\n\t\t\t\t\t\t<\/div>\n\t\t\t\t<\/div>\n\t\t\t\t\t<\/div>\n\t\t\t\t<\/div>\n\t\t<div class=\"elementor-element elementor-element-5c4a327 e-flex e-con-boxed e-con e-parent\" data-id=\"5c4a327\" data-element_type=\"container\" data-e-type=\"container\">\n\t\t\t\t\t<div class=\"e-con-inner\">\n\t\t\t\t<div class=\"elementor-element elementor-element-ed469b9 elementor-widget elementor-widget-spacer\" data-id=\"ed469b9\" data-element_type=\"widget\" data-e-type=\"widget\" data-widget_type=\"spacer.default\">\n\t\t\t\t<div class=\"elementor-widget-container\">\n\t\t\t\t\t\t\t<div class=\"elementor-spacer\">\n\t\t\t<div class=\"elementor-spacer-inner\"><\/div>\n\t\t<\/div>\n\t\t\t\t\t\t<\/div>\n\t\t\t\t<\/div>\n\t\t\t\t\t<\/div>\n\t\t\t\t<\/div>\n\t\t<div class=\"elementor-element elementor-element-16c37aa7 e-flex e-con-boxed e-con e-parent\" data-id=\"16c37aa7\" data-element_type=\"container\" data-e-type=\"container\">\n\t\t\t\t\t<div class=\"e-con-inner\">\n\t\t\t\t<div class=\"elementor-element elementor-element-154c0497 elementor-widget elementor-widget-text-editor\" data-id=\"154c0497\" data-element_type=\"widget\" data-e-type=\"widget\" data-widget_type=\"text-editor.default\">\n\t\t\t\t<div class=\"elementor-widget-container\">\n\t\t\t\t\t\t\t\t\t<p><em><span class=\"TextRun SCXW25369419 BCX8\" lang=\"EN-US\" xml:lang=\"EN-US\" data-contrast=\"auto\"><span class=\"NormalTextRun SCXW25369419 BCX8\">ES ERASMUS <\/span><span class=\"NormalTextRun SCXW25369419 BCX8\">+ projektas<\/span> <span class=\"NormalTextRun SCXW25369419 BCX8\">\u201eSocialiai tvarios ankstyvojo ugdymo ateities \u2013 <\/span><span class=\"NormalTextRun SpellingErrorV2Themed SCXW25369419 BCX8\">SoSECE<\/span><span class=\"NormalTextRun SCXW25369419 BCX8\">\u201c<br><\/span><span class=\"NormalTextRun SCXW25369419 BCX8\">Nr<\/span><span class=\"NormalTextRun SCXW25369419 BCX8\">. <\/span> <\/span> <span class=\"TextRun SCXW25369419 BCX8\" lang=\"EN-US\" xml:lang=\"EN-US\" data-contrast=\"auto\"><span class=\"NormalTextRun SCXW25369419 BCX8\">2024-1-FI01-KA220-SCH-000254061<\/span><\/span><\/em><\/p>\t\t\t\t\t\t\t\t<\/div>\n\t\t\t\t<\/div>\n\t\t\t\t\t<\/div>\n\t\t\t\t<\/div>\n\t\t\t\t<\/div>\n\t\t","protected":false},"excerpt":{"rendered":"<p>Prieinamumo parei\u0161kimas \u0160is prieinamumo parei\u0161kimas taikomas Socialiai tvarios ankstyvojo ugdymo ateities projekto (https:\/\/sosece.laurea.fi\/) svetainei.\u0160i\u0105 svetain\u0119 pri\u017ei\u016bri Laurea taikom\u0173j\u0173 moksl\u0173 universitetas [&hellip;]<\/p>\n","protected":false},"author":1026,"featured_media":0,"parent":0,"menu_order":0,"comment_status":"closed","ping_status":"closed","template":"","meta":{"site-sidebar-layout":"no-sidebar","site-content-layout":"plain-container","ast-site-content-layout":"default","site-content-style":"default","site-sidebar-style":"default","ast-global-header-display":"","ast-banner-title-visibility":"","ast-main-header-display":"","ast-hfb-above-header-display":"","ast-hfb-below-header-display":"","ast-hfb-mobile-header-display":"","site-post-title":"disabled","ast-breadcrumbs-content":"","ast-featured-img":"","footer-sml-layout":"","ast-disable-related-posts":"","theme-transparent-header-meta":"enabled","adv-header-id-meta":"","stick-header-meta":"","header-above-stick-meta":"","header-main-stick-meta":"","header-below-stick-meta":"","astra-migrate-meta-layouts":"default","ast-page-background-enabled":"default","ast-page-background-meta":{"desktop":{"background-color":"var(--ast-global-color-5)","background-image":"","background-repeat":"repeat","background-position":"center center","background-size":"auto","background-attachment":"scroll","background-type":"","background-media":"","overlay-type":"","overlay-color":"","overlay-opacity":"","overlay-gradient":""},"tablet":{"background-color":"","background-image":"","background-repeat":"repeat","background-position":"center center","background-size":"auto","background-attachment":"scroll","background-type":"","background-media":"","overlay-type":"","overlay-color":"","overlay-opacity":"","overlay-gradient":""},"mobile":{"background-color":"","background-image":"","background-repeat":"repeat","background-position":"center center","background-size":"auto","background-attachment":"scroll","background-type":"","background-media":"","overlay-type":"","overlay-color":"","overlay-opacity":"","overlay-gradient":""}},"ast-content-background-meta":{"desktop":{"background-color":"var(--ast-global-color-4)","background-image":"","background-repeat":"repeat","background-position":"center center","background-size":"auto","background-attachment":"scroll","background-type":"","background-media":"","overlay-type":"","overlay-color":"","overlay-opacity":"","overlay-gradient":""},"tablet":{"background-color":"var(--ast-global-color-4)","background-image":"","background-repeat":"repeat","background-position":"center center","background-size":"auto","background-attachment":"scroll","background-type":"","background-media":"","overlay-type":"","overlay-color":"","overlay-opacity":"","overlay-gradient":""},"mobile":{"background-color":"var(--ast-global-color-4)","background-image":"","background-repeat":"repeat","background-position":"center center","background-size":"auto","background-attachment":"scroll","background-type":"","background-media":"","overlay-type":"","overlay-color":"","overlay-opacity":"","overlay-gradient":""}},"footnotes":""},"class_list":["post-960","page","type-page","status-publish","hentry"],"aioseo_notices":[],"jetpack_sharing_enabled":true,"_links":{"self":[{"href":"https:\/\/sosece.laurea.fi\/lt\/wp-json\/wp\/v2\/pages\/960","targetHints":{"allow":["GET"]}}],"collection":[{"href":"https:\/\/sosece.laurea.fi\/lt\/wp-json\/wp\/v2\/pages"}],"about":[{"href":"https:\/\/sosece.laurea.fi\/lt\/wp-json\/wp\/v2\/types\/page"}],"author":[{"embeddable":true,"href":"https:\/\/sosece.laurea.fi\/lt\/wp-json\/wp\/v2\/users\/1026"}],"replies":[{"embeddable":true,"href":"https:\/\/sosece.laurea.fi\/lt\/wp-json\/wp\/v2\/comments?post=960"}],"version-history":[{"count":4,"href":"https:\/\/sosece.laurea.fi\/lt\/wp-json\/wp\/v2\/pages\/960\/revisions"}],"predecessor-version":[{"id":1137,"href":"https:\/\/sosece.laurea.fi\/lt\/wp-json\/wp\/v2\/pages\/960\/revisions\/1137"}],"wp:attachment":[{"href":"https:\/\/sosece.laurea.fi\/lt\/wp-json\/wp\/v2\/media?parent=960"}],"curies":[{"name":"wp","href":"https:\/\/api.w.org\/{rel}","templated":true}]}}