{"id":1008,"date":"2026-02-18T19:44:09","date_gmt":"2026-02-18T17:44:09","guid":{"rendered":"https:\/\/sosece.laurea.fi\/privatuma-politika\/"},"modified":"2026-02-19T10:36:29","modified_gmt":"2026-02-19T08:36:29","slug":"privatuma-politika","status":"publish","type":"page","link":"https:\/\/sosece.laurea.fi\/lv\/privatuma-politika\/","title":{"rendered":"Priv\u0101tuma politika"},"content":{"rendered":"\t\t<div data-elementor-type=\"wp-page\" data-elementor-id=\"1008\" class=\"elementor elementor-1008 elementor-997\">\n\t\t\t\t<div class=\"elementor-element elementor-element-42b62c82 e-flex e-con-boxed e-con e-parent\" data-id=\"42b62c82\" data-element_type=\"container\" data-e-type=\"container\">\n\t\t\t\t\t<div class=\"e-con-inner\">\n\t\t<div class=\"elementor-element elementor-element-2e139796 e-con-full e-flex e-con e-child\" data-id=\"2e139796\" data-element_type=\"container\" data-e-type=\"container\">\n\t\t\t\t<div class=\"elementor-element elementor-element-58d515db elementor-widget elementor-widget-heading\" data-id=\"58d515db\" data-element_type=\"widget\" data-e-type=\"widget\" data-widget_type=\"heading.default\">\n\t\t\t\t<div class=\"elementor-widget-container\">\n\t\t\t\t\t<h1 class=\"elementor-heading-title elementor-size-default\">Priv\u0101tuma politika<\/h1>\t\t\t\t<\/div>\n\t\t\t\t<\/div>\n\t\t\t\t<\/div>\n\t\t\t\t\t<\/div>\n\t\t\t\t<\/div>\n\t\t<div class=\"elementor-element elementor-element-74ec4f3 e-flex e-con-boxed e-con e-parent\" data-id=\"74ec4f3\" data-element_type=\"container\" data-e-type=\"container\">\n\t\t\t\t\t<div class=\"e-con-inner\">\n\t\t\t\t<div class=\"elementor-element elementor-element-a615df3 elementor-widget elementor-widget-spacer\" data-id=\"a615df3\" data-element_type=\"widget\" data-e-type=\"widget\" data-widget_type=\"spacer.default\">\n\t\t\t\t<div class=\"elementor-widget-container\">\n\t\t\t\t\t\t\t<div class=\"elementor-spacer\">\n\t\t\t<div class=\"elementor-spacer-inner\"><\/div>\n\t\t<\/div>\n\t\t\t\t\t\t<\/div>\n\t\t\t\t<\/div>\n\t\t\t\t\t<\/div>\n\t\t\t\t<\/div>\n\t\t<div class=\"elementor-element elementor-element-474d57b e-flex e-con-boxed e-con e-parent\" data-id=\"474d57b\" data-element_type=\"container\" data-e-type=\"container\">\n\t\t\t\t\t<div class=\"e-con-inner\">\n\t\t\t\t<div class=\"elementor-element elementor-element-2d77f4c elementor-widget elementor-widget-text-editor\" data-id=\"2d77f4c\" data-element_type=\"widget\" data-e-type=\"widget\" data-widget_type=\"text-editor.default\">\n\t\t\t\t<div class=\"elementor-widget-container\">\n\t\t\t\t\t\t\t\t\t<p style=\"text-align: left;\"><b><span data-contrast=\"auto\">T\u012bmek\u013ca vietnes adrese:<\/span><\/b><span data-contrast=\"auto\"> <\/span><a href=\"https:\/\/sosece.laurea.fi\/lv\/\"><span data-contrast=\"none\">https:\/\/sosece.laurea.fi<\/span><\/a> <br><b><span data-contrast=\"auto\">P\u0101rzinis:<\/span><\/b><span data-contrast=\"auto\"> Laurea Lieti\u0161\u0137o zin\u0101t\u0146u universit\u0101te <\/span>(Uz\u0146\u0113muma re\u0123istr\u0101cijas numurs:<span data-contrast=\"auto\"> 1046216-1)<\/span><br><b><span data-contrast=\"auto\">Adrese:<\/span><\/b><span data-contrast=\"auto\"> Ratatie 22, 01300 Vantaa, Somija<\/span><br><b><span data-contrast=\"auto\">Kontaktpersona:<\/span><\/b><span data-contrast=\"auto\"> Projekta vad\u012bt\u0101ja Virpi Lunda,<\/span><span data-contrast=\"auto\"> <\/span><a href=\"mailto:virpi.lund@laurea.fi\"><span data-contrast=\"none\">virpi.lund@laurea.fi<\/span><\/a><\/p><h2 style=\"text-align: left;\">Personas datu apstr\u0101de t\u012bmek\u013ca vietn\u0113<\/h2><p style=\"text-align: left;\">\u0160\u012b t\u012bmek\u013ca vietne neapkopo apmekl\u0113t\u0101ju personas datus.<br>M\u0113s nepiepras\u0101m, neuzglab\u0101jam un neapstr\u0101d\u0101jam nek\u0101du personu identific\u0113jo\u0161u inform\u0101ciju, piem\u0113ram, v\u0101rdus, e-pasta adreses, IP adreses, kas saist\u012btas ar atsevi\u0161\u0137iem lietot\u0101jiem, vai citus identifikatorus.<\/p><h2 style=\"text-align: left;\">S\u012bkdatnes<\/h2><p style=\"text-align: left;\">\u0160\u012b t\u012bmek\u013ca vietne izmanto s\u012bkdatnes anal\u012bzei un veiktsp\u0113jas uzraudz\u012bbai.<\/p><h3 style=\"text-align: left;\">Anal\u012btisk\u0101s un veiktsp\u0113jas s\u012bkdatnes<\/h3><p style=\"text-align: left;\">M\u0113s izmantojam Jetpack spraudni (ko nodro\u0161ina Automattic Inc.), lai apkopotu statistiku par t\u012bmek\u013ca vietnes lietojumu. Apmekl\u0113t\u0101ju statistikas apkopo\u0161ana ir nepiecie\u0161ama projekta l\u012bdzfinans\u0113t\u0101jam, Eiropas Savien\u012bbai, kas pieprasa zi\u0146ot par vietnes lietojuma r\u0101d\u012bt\u0101jiem. <\/p><p style=\"text-align: left;\">Jetpack var izvietot s\u012bkdatnes j\u016bsu ier\u012bc\u0113, lai:  <\/p><ul><li style=\"text-align: left;\">skait\u012btu lapu skat\u012bjumus<\/li><li style=\"text-align: left;\">apkopotu apkopotos apmekl\u0113t\u0101ju skait\u013cus<\/li><li style=\"text-align: left;\">analiz\u0113tu, kuras lapas tiek skat\u012btas visbie\u017e\u0101k<\/li><li style=\"text-align: left;\">nov\u0113rt\u0113tu apmekl\u0113t\u0101ju \u0123eogr\u0101fisko atra\u0161an\u0101s vietu valsts l\u012bmen\u012b  <\/li><\/ul><p style=\"text-align: left;\">Apkopotie dati tiek izmantoti tikai statistikas zi\u0146o\u0161anai, veiktsp\u0113jas uzraudz\u012bbai un t\u012bmek\u013ca vietnes lietojam\u012bbas uzlabo\u0161anai.<br>M\u0113s neizmantojam \u0161os datus m\u0101rketinga nol\u016bkos, k\u0101 ar\u012b nem\u0113\u0123in\u0101m identific\u0113t atsevi\u0161\u0137us apmekl\u0113t\u0101jus.<br>Da\u017eus tehniskos datus (piem\u0113ram, IP adreses) Jetpack var apstr\u0101d\u0101t anal\u012bzes nol\u016bkos. Dati var tikt p\u0101rs\u016bt\u012bti \u0101rpus Eiropas Savien\u012bbas saska\u0146\u0101 ar piem\u0113rojamajiem datu aizsardz\u012bbas pas\u0101kumiem.<br>J\u016bs varat pie\u0146emt vai atteikties no anal\u012btiskaj\u0101m s\u012bkdatn\u0113m, izmantojot \u0161aj\u0101 t\u012bmek\u013ca vietn\u0113 pieejamo s\u012bkdat\u0146u joslu. <\/p><h2 style=\"text-align: left;\">Iegultais saturs no cit\u0101m t\u012bmek\u013ca vietn\u0113m<\/h2><p style=\"text-align: left;\">\u0160\u012bs vietnes raksti var ietvert iegultu saturu (piem\u0113ram, videoklipus, att\u0113lus, rakstus utt.). Iegultais saturs no cit\u0101m t\u012bmek\u013ca vietn\u0113m darbojas tie\u0161i t\u0101pat, it k\u0101 apmekl\u0113t\u0101js b\u016btu apmekl\u0113jis citu t\u012bmek\u013ca vietni.<br>\u0160\u012bs t\u012bmek\u013ca vietnes var apkopot datus par jums, izmantot s\u012bkdatnes, iegult papildu tre\u0161o pu\u0161u izseko\u0161anu un uzraudz\u012bt j\u016bsu mijiedarb\u012bbu ar \u0161o iegulto saturu, tostarp izsekot j\u016bsu mijiedarb\u012bbai ar iegulto saturu, ja jums ir konts un esat pieteicies \u0161aj\u0101 t\u012bmek\u013ca vietn\u0113. <\/p><h2 style=\"text-align: left;\">Datu koplieto\u0161ana<\/h2><p style=\"text-align: left;\">M\u0113s apkopojam anonimiz\u0113tu apmekl\u0113t\u0101ju statistiku, lai uzraudz\u012btu projekta ietekmi. Nek\u0101di personas dati vai anal\u012btisk\u0101 inform\u0101cija netiek kop\u012bgota ar \u0101r\u0113j\u0101m pus\u0113m m\u0101rketinga, profil\u0113\u0161anas vai komerci\u0101liem nol\u016bkiem.   <\/p><h2 style=\"text-align: left;\">\u0160\u012bs priv\u0101tuma politikas atjaunin\u0101jumi<\/h2><p style=\"text-align: left;\">\u0160\u012b priv\u0101tuma politika var tikt atjaunin\u0101ta, ja main\u0101s projekta pras\u012bbas vai juridisk\u0101s saist\u012bbas. Jaun\u0101k\u0101 versija vienm\u0113r b\u016bs pieejama \u0161aj\u0101 t\u012bmek\u013ca vietn\u0113.   <\/p><p style=\"text-align: left;\">\u0160\u012b priv\u0101tuma politika p\u0113d\u0113jo reizi atjaunin\u0101ta 2026. gada 18. febru\u0101r\u012b.<\/p>\t\t\t\t\t\t\t\t<\/div>\n\t\t\t\t<\/div>\n\t\t\t\t\t<\/div>\n\t\t\t\t<\/div>\n\t\t<div class=\"elementor-element elementor-element-34e5a75 e-flex e-con-boxed e-con e-parent\" data-id=\"34e5a75\" data-element_type=\"container\" data-e-type=\"container\">\n\t\t\t\t\t<div class=\"e-con-inner\">\n\t\t\t\t<div class=\"elementor-element elementor-element-5c39a92 elementor-widget elementor-widget-spacer\" data-id=\"5c39a92\" data-element_type=\"widget\" data-e-type=\"widget\" data-widget_type=\"spacer.default\">\n\t\t\t\t<div class=\"elementor-widget-container\">\n\t\t\t\t\t\t\t<div class=\"elementor-spacer\">\n\t\t\t<div class=\"elementor-spacer-inner\"><\/div>\n\t\t<\/div>\n\t\t\t\t\t\t<\/div>\n\t\t\t\t<\/div>\n\t\t\t\t\t<\/div>\n\t\t\t\t<\/div>\n\t\t<div class=\"elementor-element elementor-element-411bd3f9 e-flex e-con-boxed e-con e-parent\" data-id=\"411bd3f9\" data-element_type=\"container\" data-e-type=\"container\">\n\t\t\t\t\t<div class=\"e-con-inner\">\n\t\t\t\t<div class=\"elementor-element elementor-element-6bf26529 elementor-widget elementor-widget-text-editor\" data-id=\"6bf26529\" data-element_type=\"widget\" data-e-type=\"widget\" data-widget_type=\"text-editor.default\">\n\t\t\t\t<div class=\"elementor-widget-container\">\n\t\t\t\t\t\t\t\t\t<p><em><span class=\"TextRun SCXW25369419 BCX8\" lang=\"EN-US\" xml:lang=\"EN-US\" data-contrast=\"auto\"><span class=\"NormalTextRun SCXW25369419 BCX8\">ES ERASMUS <\/span><span class=\"NormalTextRun SCXW25369419 BCX8\">+ projekts<\/span> <span class=\"NormalTextRun SCXW25369419 BCX8\">\u201cSoci\u0101li ilgtsp\u0113j\u012bgas pirmsskolas izgl\u012bt\u012bbas n\u0101kotne \u2013 <\/span><span class=\"NormalTextRun SpellingErrorV2Themed SCXW25369419 BCX8\">SoSECE<\/span><span class=\"NormalTextRun SCXW25369419 BCX8\">\u201d<br><\/span><span class=\"NormalTextRun SCXW25369419 BCX8\">Nr<\/span><span class=\"NormalTextRun SCXW25369419 BCX8\">. <\/span> <\/span> <span class=\"TextRun SCXW25369419 BCX8\" lang=\"EN-US\" xml:lang=\"EN-US\" data-contrast=\"auto\"><span class=\"NormalTextRun SCXW25369419 BCX8\">2024-1-FI01-KA220-SCH-000254061<\/span><\/span><\/em><\/p>\t\t\t\t\t\t\t\t<\/div>\n\t\t\t\t<\/div>\n\t\t\t\t\t<\/div>\n\t\t\t\t<\/div>\n\t\t<div class=\"elementor-element elementor-element-5c4a327 e-flex e-con-boxed e-con e-parent\" data-id=\"5c4a327\" data-element_type=\"container\" data-e-type=\"container\">\n\t\t\t\t\t<div class=\"e-con-inner\">\n\t\t\t\t<div class=\"elementor-element elementor-element-ed469b9 elementor-widget elementor-widget-spacer\" data-id=\"ed469b9\" data-element_type=\"widget\" data-e-type=\"widget\" data-widget_type=\"spacer.default\">\n\t\t\t\t<div class=\"elementor-widget-container\">\n\t\t\t\t\t\t\t<div class=\"elementor-spacer\">\n\t\t\t<div class=\"elementor-spacer-inner\"><\/div>\n\t\t<\/div>\n\t\t\t\t\t\t<\/div>\n\t\t\t\t<\/div>\n\t\t\t\t\t<\/div>\n\t\t\t\t<\/div>\n\t\t\t\t<\/div>\n\t\t","protected":false},"excerpt":{"rendered":"<p>Priv\u0101tuma politika T\u012bmek\u013ca vietnes adrese: https:\/\/sosece.laurea.fi P\u0101rzinis: Laurea Lieti\u0161\u0137o zin\u0101t\u0146u universit\u0101te (Uz\u0146\u0113muma re\u0123istr\u0101cijas numurs: 1046216-1)Adrese: Ratatie 22, 01300 Vantaa, SomijaKontaktpersona: [&hellip;]<\/p>\n","protected":false},"author":1026,"featured_media":0,"parent":0,"menu_order":0,"comment_status":"closed","ping_status":"closed","template":"","meta":{"site-sidebar-layout":"no-sidebar","site-content-layout":"plain-container","ast-site-content-layout":"default","site-content-style":"default","site-sidebar-style":"default","ast-global-header-display":"","ast-banner-title-visibility":"","ast-main-header-display":"","ast-hfb-above-header-display":"","ast-hfb-below-header-display":"","ast-hfb-mobile-header-display":"","site-post-title":"disabled","ast-breadcrumbs-content":"","ast-featured-img":"","footer-sml-layout":"","ast-disable-related-posts":"","theme-transparent-header-meta":"enabled","adv-header-id-meta":"","stick-header-meta":"","header-above-stick-meta":"","header-main-stick-meta":"","header-below-stick-meta":"","astra-migrate-meta-layouts":"default","ast-page-background-enabled":"default","ast-page-background-meta":{"desktop":{"background-color":"var(--ast-global-color-5)","background-image":"","background-repeat":"repeat","background-position":"center center","background-size":"auto","background-attachment":"scroll","background-type":"","background-media":"","overlay-type":"","overlay-color":"","overlay-opacity":"","overlay-gradient":""},"tablet":{"background-color":"","background-image":"","background-repeat":"repeat","background-position":"center center","background-size":"auto","background-attachment":"scroll","background-type":"","background-media":"","overlay-type":"","overlay-color":"","overlay-opacity":"","overlay-gradient":""},"mobile":{"background-color":"","background-image":"","background-repeat":"repeat","background-position":"center center","background-size":"auto","background-attachment":"scroll","background-type":"","background-media":"","overlay-type":"","overlay-color":"","overlay-opacity":"","overlay-gradient":""}},"ast-content-background-meta":{"desktop":{"background-color":"var(--ast-global-color-4)","background-image":"","background-repeat":"repeat","background-position":"center center","background-size":"auto","background-attachment":"scroll","background-type":"","background-media":"","overlay-type":"","overlay-color":"","overlay-opacity":"","overlay-gradient":""},"tablet":{"background-color":"var(--ast-global-color-4)","background-image":"","background-repeat":"repeat","background-position":"center center","background-size":"auto","background-attachment":"scroll","background-type":"","background-media":"","overlay-type":"","overlay-color":"","overlay-opacity":"","overlay-gradient":""},"mobile":{"background-color":"var(--ast-global-color-4)","background-image":"","background-repeat":"repeat","background-position":"center center","background-size":"auto","background-attachment":"scroll","background-type":"","background-media":"","overlay-type":"","overlay-color":"","overlay-opacity":"","overlay-gradient":""}},"footnotes":""},"class_list":["post-1008","page","type-page","status-publish","hentry"],"aioseo_notices":[],"jetpack_sharing_enabled":true,"_links":{"self":[{"href":"https:\/\/sosece.laurea.fi\/lv\/wp-json\/wp\/v2\/pages\/1008","targetHints":{"allow":["GET"]}}],"collection":[{"href":"https:\/\/sosece.laurea.fi\/lv\/wp-json\/wp\/v2\/pages"}],"about":[{"href":"https:\/\/sosece.laurea.fi\/lv\/wp-json\/wp\/v2\/types\/page"}],"author":[{"embeddable":true,"href":"https:\/\/sosece.laurea.fi\/lv\/wp-json\/wp\/v2\/users\/1026"}],"replies":[{"embeddable":true,"href":"https:\/\/sosece.laurea.fi\/lv\/wp-json\/wp\/v2\/comments?post=1008"}],"version-history":[{"count":3,"href":"https:\/\/sosece.laurea.fi\/lv\/wp-json\/wp\/v2\/pages\/1008\/revisions"}],"predecessor-version":[{"id":1147,"href":"https:\/\/sosece.laurea.fi\/lv\/wp-json\/wp\/v2\/pages\/1008\/revisions\/1147"}],"wp:attachment":[{"href":"https:\/\/sosece.laurea.fi\/lv\/wp-json\/wp\/v2\/media?parent=1008"}],"curies":[{"name":"wp","href":"https:\/\/api.w.org\/{rel}","templated":true}]}}