{"id":965,"date":"2026-02-18T17:44:01","date_gmt":"2026-02-18T15:44:01","guid":{"rendered":"https:\/\/sosece.laurea.fi\/pazinojums-par-pieklustamibu\/"},"modified":"2026-02-19T10:36:22","modified_gmt":"2026-02-19T08:36:22","slug":"pazinojums-par-pieklustamibu","status":"publish","type":"page","link":"https:\/\/sosece.laurea.fi\/lv\/pazinojums-par-pieklustamibu\/","title":{"rendered":"Pazi\u0146ojums par piek\u013c\u016bstam\u012bbu"},"content":{"rendered":"\t\t<div data-elementor-type=\"wp-page\" data-elementor-id=\"965\" class=\"elementor elementor-965 elementor-942\">\n\t\t\t\t<div class=\"elementor-element elementor-element-42b62c82 e-flex e-con-boxed e-con e-parent\" data-id=\"42b62c82\" data-element_type=\"container\" data-e-type=\"container\">\n\t\t\t\t\t<div class=\"e-con-inner\">\n\t\t<div class=\"elementor-element elementor-element-2e139796 e-con-full e-flex e-con e-child\" data-id=\"2e139796\" data-element_type=\"container\" data-e-type=\"container\">\n\t\t\t\t<div class=\"elementor-element elementor-element-58d515db elementor-widget elementor-widget-heading\" data-id=\"58d515db\" data-element_type=\"widget\" data-e-type=\"widget\" data-widget_type=\"heading.default\">\n\t\t\t\t<div class=\"elementor-widget-container\">\n\t\t\t\t\t<h1 class=\"elementor-heading-title elementor-size-default\">Pazi\u0146ojums par piek\u013c\u016bstam\u012bbu<\/h1>\t\t\t\t<\/div>\n\t\t\t\t<\/div>\n\t\t\t\t<\/div>\n\t\t\t\t\t<\/div>\n\t\t\t\t<\/div>\n\t\t<div class=\"elementor-element elementor-element-74ec4f3 e-flex e-con-boxed e-con e-parent\" data-id=\"74ec4f3\" data-element_type=\"container\" data-e-type=\"container\">\n\t\t\t\t\t<div class=\"e-con-inner\">\n\t\t\t\t<div class=\"elementor-element elementor-element-a615df3 elementor-widget elementor-widget-spacer\" data-id=\"a615df3\" data-element_type=\"widget\" data-e-type=\"widget\" data-widget_type=\"spacer.default\">\n\t\t\t\t<div class=\"elementor-widget-container\">\n\t\t\t\t\t\t\t<div class=\"elementor-spacer\">\n\t\t\t<div class=\"elementor-spacer-inner\"><\/div>\n\t\t<\/div>\n\t\t\t\t\t\t<\/div>\n\t\t\t\t<\/div>\n\t\t\t\t\t<\/div>\n\t\t\t\t<\/div>\n\t\t<div class=\"elementor-element elementor-element-474d57b e-flex e-con-boxed e-con e-parent\" data-id=\"474d57b\" data-element_type=\"container\" data-e-type=\"container\">\n\t\t\t\t\t<div class=\"e-con-inner\">\n\t\t\t\t<div class=\"elementor-element elementor-element-2d77f4c elementor-widget elementor-widget-text-editor\" data-id=\"2d77f4c\" data-element_type=\"widget\" data-e-type=\"widget\" data-widget_type=\"text-editor.default\">\n\t\t\t\t<div class=\"elementor-widget-container\">\n\t\t\t\t\t\t\t\t\t<p style=\"text-align: left;\">\u0160is pazi\u0146ojums par piek\u013c\u016bstam\u012bbu attiecas uz projekta \u201cSoci\u0101li ilgtsp\u0113j\u012bga pirmsskolas izgl\u012bt\u012bba n\u0101kotnei\u201d t\u012bmek\u013ca vietni (https:\/\/sosece.laurea.fi\/).<br>\u0160o t\u012bmek\u013ca vietni uztur Laurea Lieti\u0161\u0137o zin\u0101t\u0146u universit\u0101te (Somija), kas ir atbild\u012bga par pakalpojuma piek\u013c\u016bstam\u012bbu saska\u0146\u0101 ar Somijas Digit\u0101lo pakalpojumu snieg\u0161anas likumu. M\u0113s esam ap\u0146\u0113mu\u0161ies nodro\u0161in\u0101t, lai m\u016bsu digit\u0101lie pakalpojumi b\u016btu pieejami p\u0113c iesp\u0113jas pla\u0161\u0101kam lietot\u0101ju lokam. M\u016bsu m\u0113r\u0137is ir nep\u0101rtraukti uzlabot lietot\u0101ju pieredzi un iev\u0113rot piem\u0113rojamos piek\u013c\u016bstam\u012bbas standartus.  <\/p><h2 style=\"text-align: left;\">Piek\u013c\u016bstam\u012bbas statuss<\/h2><p style=\"text-align: left;\">Pamatojoties uz automatiz\u0113to test\u0113\u0161anu (WAVE) un m\u016bsu pa\u0161u nov\u0113rt\u0113jumu, t\u012bmek\u013ca vietne liel\u0101 m\u0113r\u0101 atbilst noteiktajiem piek\u013c\u016bstam\u012bbas standartiem (WCAG 2.1 A un AA l\u012bmenis). Automatiz\u0113t\u0101s test\u0113\u0161anas laik\u0101 netika konstat\u0113tas kritiskas piek\u013c\u016bstam\u012bbas k\u013c\u016bdas. Joproj\u0101m var b\u016bt sastopamas da\u017eas nelielas nepiln\u012bbas, jo \u012bpa\u0161i jom\u0101s, kur\u0101s nepiecie\u0161ama manu\u0101la p\u0101rbaude vai p\u0101rbaude ar asist\u012bvaj\u0101m tehnolo\u0123ij\u0101m.<br>M\u0113s turpin\u0101m uzraudz\u012bt piek\u013c\u016bstam\u012bbu un p\u0113c nepiecie\u0161am\u012bbas uzlabot pakalpojumu, lai nodro\u0161in\u0101tu vienm\u0113r\u012bgu un iek\u013caujo\u0161u pieredzi visiem lietot\u0101jiem.  <\/p><h2 style=\"text-align: left;\">Atsauksmes un kontaktinform\u0101cija<\/h2><p style=\"text-align: left;\">M\u0113s priec\u0101simies sa\u0146emt atsauksmes par \u0161\u012bs t\u012bmek\u013ca vietnes piek\u013c\u016bstam\u012bbu.<br>Ja, izmantojot pakalpojumu, saskaraties ar piek\u013c\u016bstam\u012bbas \u0161\u0137\u0113r\u0161\u013ciem vai izaicin\u0101jumiem, l\u016bdzu, sazinieties ar mums:<br>E-pasts: johanna.kurki@laurea.fi<\/p><p style=\"text-align: left;\">M\u016bsu m\u0113r\u0137is ir atbild\u0113t uz vis\u0101m ar piek\u013c\u016bstam\u012bbu saist\u012btaj\u0101m atsauksm\u0113m 3\u20135 darba dienu laik\u0101.<\/p><h2 style=\"text-align: left;\">Uzraudz\u012bbas iest\u0101de<\/h2><p style=\"text-align: left;\">Ja paman\u0101t piek\u013c\u016bstam\u012bbas probl\u0113mas \u0161aj\u0101 t\u012bmek\u013ca vietn\u0113, l\u016bdzu, vispirms sazinieties ar mums.<br>Atbildi sa\u0146emsiet 14 dienu laik\u0101. Ja neesat apmierin\u0101ts ar sa\u0146emto atbildi vai nesa\u0146emat to visp\u0101r, varat iesniegt pazi\u0146ojumu uzraudz\u012bbas iest\u0101dei. <\/p><h3 style=\"text-align: left;\">Uzraudz\u012bbas iest\u0101des kontaktinform\u0101cija<\/h3><p style=\"text-align: left;\">Somijas Transporta un sakaru a\u0123ent\u016bra Traficom<br>Digit\u0101l\u0101 piek\u013c\u016bstam\u012bba un digit\u0101l\u0101s piek\u013c\u016bstam\u012bbas uzraudz\u012bba<br>T\u012bmek\u013ca vietne: www.saavutettavuusvaatimukset.fi<br>E-pasts: saavutettavuus@traficom.fi<br>T\u0101lrunis (centr\u0101le): +358 29 534 5000<\/p><p style=\"text-align: left;\">\u0160is pieejam\u012bbas pazi\u0146ojums p\u0113d\u0113jo reizi atjaunin\u0101ts 2026. gada 18. febru\u0101r\u012b.<\/p>\t\t\t\t\t\t\t\t<\/div>\n\t\t\t\t<\/div>\n\t\t\t\t\t<\/div>\n\t\t\t\t<\/div>\n\t\t<div class=\"elementor-element elementor-element-34e5a75 e-flex e-con-boxed e-con e-parent\" data-id=\"34e5a75\" data-element_type=\"container\" data-e-type=\"container\">\n\t\t\t\t\t<div class=\"e-con-inner\">\n\t\t\t\t<div class=\"elementor-element elementor-element-5c39a92 elementor-widget elementor-widget-spacer\" data-id=\"5c39a92\" data-element_type=\"widget\" data-e-type=\"widget\" data-widget_type=\"spacer.default\">\n\t\t\t\t<div class=\"elementor-widget-container\">\n\t\t\t\t\t\t\t<div class=\"elementor-spacer\">\n\t\t\t<div class=\"elementor-spacer-inner\"><\/div>\n\t\t<\/div>\n\t\t\t\t\t\t<\/div>\n\t\t\t\t<\/div>\n\t\t\t\t\t<\/div>\n\t\t\t\t<\/div>\n\t\t<div class=\"elementor-element elementor-element-5c4a327 e-flex e-con-boxed e-con e-parent\" data-id=\"5c4a327\" data-element_type=\"container\" data-e-type=\"container\">\n\t\t\t\t\t<div class=\"e-con-inner\">\n\t\t\t\t<div class=\"elementor-element elementor-element-ed469b9 elementor-widget elementor-widget-spacer\" data-id=\"ed469b9\" data-element_type=\"widget\" data-e-type=\"widget\" data-widget_type=\"spacer.default\">\n\t\t\t\t<div class=\"elementor-widget-container\">\n\t\t\t\t\t\t\t<div class=\"elementor-spacer\">\n\t\t\t<div class=\"elementor-spacer-inner\"><\/div>\n\t\t<\/div>\n\t\t\t\t\t\t<\/div>\n\t\t\t\t<\/div>\n\t\t\t\t\t<\/div>\n\t\t\t\t<\/div>\n\t\t<div class=\"elementor-element elementor-element-16c37aa7 e-flex e-con-boxed e-con e-parent\" data-id=\"16c37aa7\" data-element_type=\"container\" data-e-type=\"container\">\n\t\t\t\t\t<div class=\"e-con-inner\">\n\t\t\t\t<div class=\"elementor-element elementor-element-154c0497 elementor-widget elementor-widget-text-editor\" data-id=\"154c0497\" data-element_type=\"widget\" data-e-type=\"widget\" data-widget_type=\"text-editor.default\">\n\t\t\t\t<div class=\"elementor-widget-container\">\n\t\t\t\t\t\t\t\t\t<p><em><span class=\"TextRun SCXW25369419 BCX8\" lang=\"EN-US\" xml:lang=\"EN-US\" data-contrast=\"auto\"><span class=\"NormalTextRun SCXW25369419 BCX8\">ES ERASMUS <\/span><span class=\"NormalTextRun SCXW25369419 BCX8\">+ projekts<\/span> <span class=\"NormalTextRun SCXW25369419 BCX8\">\u201cSoci\u0101li ilgtsp\u0113j\u012bgas pirmsskolas izgl\u012bt\u012bbas n\u0101kotne \u2013 <\/span><span class=\"NormalTextRun SpellingErrorV2Themed SCXW25369419 BCX8\">SoSECE<\/span><span class=\"NormalTextRun SCXW25369419 BCX8\">\u201d<br><\/span><span class=\"NormalTextRun SCXW25369419 BCX8\">Nr<\/span><span class=\"NormalTextRun SCXW25369419 BCX8\">. <\/span> <\/span> <span class=\"TextRun SCXW25369419 BCX8\" lang=\"EN-US\" xml:lang=\"EN-US\" data-contrast=\"auto\"><span class=\"NormalTextRun SCXW25369419 BCX8\">2024-1-FI01-KA220-SCH-000254061<\/span><\/span><\/em><\/p>\t\t\t\t\t\t\t\t<\/div>\n\t\t\t\t<\/div>\n\t\t\t\t\t<\/div>\n\t\t\t\t<\/div>\n\t\t\t\t<\/div>\n\t\t","protected":false},"excerpt":{"rendered":"<p>Pazi\u0146ojums par piek\u013c\u016bstam\u012bbu \u0160is pazi\u0146ojums par piek\u013c\u016bstam\u012bbu attiecas uz projekta \u201cSoci\u0101li ilgtsp\u0113j\u012bga pirmsskolas izgl\u012bt\u012bba n\u0101kotnei\u201d t\u012bmek\u013ca vietni (https:\/\/sosece.laurea.fi\/).\u0160o t\u012bmek\u013ca vietni [&hellip;]<\/p>\n","protected":false},"author":1026,"featured_media":0,"parent":0,"menu_order":0,"comment_status":"closed","ping_status":"closed","template":"","meta":{"site-sidebar-layout":"no-sidebar","site-content-layout":"plain-container","ast-site-content-layout":"default","site-content-style":"default","site-sidebar-style":"default","ast-global-header-display":"","ast-banner-title-visibility":"","ast-main-header-display":"","ast-hfb-above-header-display":"","ast-hfb-below-header-display":"","ast-hfb-mobile-header-display":"","site-post-title":"disabled","ast-breadcrumbs-content":"","ast-featured-img":"","footer-sml-layout":"","ast-disable-related-posts":"","theme-transparent-header-meta":"enabled","adv-header-id-meta":"","stick-header-meta":"","header-above-stick-meta":"","header-main-stick-meta":"","header-below-stick-meta":"","astra-migrate-meta-layouts":"default","ast-page-background-enabled":"default","ast-page-background-meta":{"desktop":{"background-color":"var(--ast-global-color-5)","background-image":"","background-repeat":"repeat","background-position":"center center","background-size":"auto","background-attachment":"scroll","background-type":"","background-media":"","overlay-type":"","overlay-color":"","overlay-opacity":"","overlay-gradient":""},"tablet":{"background-color":"","background-image":"","background-repeat":"repeat","background-position":"center center","background-size":"auto","background-attachment":"scroll","background-type":"","background-media":"","overlay-type":"","overlay-color":"","overlay-opacity":"","overlay-gradient":""},"mobile":{"background-color":"","background-image":"","background-repeat":"repeat","background-position":"center center","background-size":"auto","background-attachment":"scroll","background-type":"","background-media":"","overlay-type":"","overlay-color":"","overlay-opacity":"","overlay-gradient":""}},"ast-content-background-meta":{"desktop":{"background-color":"var(--ast-global-color-4)","background-image":"","background-repeat":"repeat","background-position":"center center","background-size":"auto","background-attachment":"scroll","background-type":"","background-media":"","overlay-type":"","overlay-color":"","overlay-opacity":"","overlay-gradient":""},"tablet":{"background-color":"var(--ast-global-color-4)","background-image":"","background-repeat":"repeat","background-position":"center center","background-size":"auto","background-attachment":"scroll","background-type":"","background-media":"","overlay-type":"","overlay-color":"","overlay-opacity":"","overlay-gradient":""},"mobile":{"background-color":"var(--ast-global-color-4)","background-image":"","background-repeat":"repeat","background-position":"center center","background-size":"auto","background-attachment":"scroll","background-type":"","background-media":"","overlay-type":"","overlay-color":"","overlay-opacity":"","overlay-gradient":""}},"footnotes":""},"class_list":["post-965","page","type-page","status-publish","hentry"],"aioseo_notices":[],"jetpack_sharing_enabled":true,"_links":{"self":[{"href":"https:\/\/sosece.laurea.fi\/lv\/wp-json\/wp\/v2\/pages\/965","targetHints":{"allow":["GET"]}}],"collection":[{"href":"https:\/\/sosece.laurea.fi\/lv\/wp-json\/wp\/v2\/pages"}],"about":[{"href":"https:\/\/sosece.laurea.fi\/lv\/wp-json\/wp\/v2\/types\/page"}],"author":[{"embeddable":true,"href":"https:\/\/sosece.laurea.fi\/lv\/wp-json\/wp\/v2\/users\/1026"}],"replies":[{"embeddable":true,"href":"https:\/\/sosece.laurea.fi\/lv\/wp-json\/wp\/v2\/comments?post=965"}],"version-history":[{"count":4,"href":"https:\/\/sosece.laurea.fi\/lv\/wp-json\/wp\/v2\/pages\/965\/revisions"}],"predecessor-version":[{"id":1139,"href":"https:\/\/sosece.laurea.fi\/lv\/wp-json\/wp\/v2\/pages\/965\/revisions\/1139"}],"wp:attachment":[{"href":"https:\/\/sosece.laurea.fi\/lv\/wp-json\/wp\/v2\/media?parent=965"}],"curies":[{"name":"wp","href":"https:\/\/api.w.org\/{rel}","templated":true}]}}